{"id":11479,"date":"2026-02-21T10:24:54","date_gmt":"2026-02-21T09:24:54","guid":{"rendered":"https:\/\/bjorkliden.com\/?page_id=11479"},"modified":"2026-05-04T12:53:03","modified_gmt":"2026-05-04T10:53:03","slug":"menu-lapporten","status":"publish","type":"page","link":"https:\/\/bjorkliden.com\/en\/experiences\/food-fun\/restaurants\/menu-lapporten\/","title":{"rendered":"Menu Lapporten"},"content":{"rendered":"<section  class=\"acf-hero-subpage-block variant-columns block-wrapper bg-(--background-brand-secondary) color-scheme-light module-spacing-md-top module-spacing-none-bottom\" data-block=\"hero-subpage-columns \">\n            <div class=\"hero-subpage-columns content-container relative image-right has-illustration\">\n                    <nav aria-label=\"Breadcrumb\" class=\"hero-breadcrumbs-column\"><ol><\/ol><\/nav><style>nav.hero-breadcrumbs-column ol{display:inline;list-style:none;margin-inline-start:0}nav.hero-breadcrumbs-column ol li{display:inline}nav.hero-breadcrumbs-column ol li:not(:last-child)::after{content:'|';margin-inline-end:1ch;margin-inline-start:1ch}<\/style>                <div class=\"hero-subpage-column-image\">\n                                        <div class=\"illustration-wrapper\">\n                    <div class=\"hero-columns-illustration-bg absolute top-14 md:top-24 lg:top-8 xl:top-12 2xl:top-20 bottom-0 left-0 w-full max-w-240 overflow-hidden\">\n    <svg class=\"block w-full h-auto stroke-(--text-primary)\" viewBox=\"0 0 797 797\">\n        <defs>\n            <pattern id=\"HeroColumnPattern\" x=\"0\" y=\"-.08\" width=\".077\" height=\"0.077\">\n                <path d=\"M30.2 25.8v9M25.8 30.2h9\" stroke-width=\"1\"\/>\n            <\/pattern>\n        <\/defs>\n        <rect fill=\"url(#HeroColumnPattern)\" width=\"797\" height=\"797\" stroke=\"none\"\/>\n    <\/svg>\n<\/div>\n<svg class=\"hero-columns-illustration-fg absolute size-17.25! md:size-27! xl:size-32.5! z-10 fill-(--icon-brand) block w-full h-full\" viewBox=\"0 0 26 24\" fill=\"currentColor\">\n    <path d=\"M20.1396 12.3493C20.0242 12.1502 20.0559 11.8988 20.2171 11.7343C20.6476 11.2947 21.0085 10.8483 21.0085 10.8483L19.7532 9.86038C19.7532 9.86038 19.6997 9.93021 19.6061 10.043C19.3762 10.3187 18.9405 10.283 18.7606 9.97262L13 0.0488281L7.24152 9.97003C7.06264 10.2783 6.63 10.3166 6.39912 10.044C6.32008 9.95038 6.2686 9.88779 6.2686 9.88779L5.01696 10.8809C5.01696 10.8809 5.28944 11.244 5.77668 11.7318C5.94152 11.8962 5.97532 12.1502 5.85832 12.3514L0.052002 22.3564H11.6828C11.9678 22.3564 12.1992 22.5866 12.1992 22.87V23.9506H13.8003V22.87C13.8003 22.5866 14.0317 22.3564 14.3166 22.3564H25.948L20.1396 12.3493ZM12.1997 20.2502C12.1997 20.5337 11.9683 20.7638 11.6834 20.7638H3.71904C3.32176 20.7638 3.0732 20.3356 3.27184 19.9931L7.05588 13.4733C7.20096 13.2235 7.52284 13.1433 7.7714 13.2918C8.98196 14.0149 10.3381 14.4783 11.7463 14.6511C12.0047 14.6826 12.1992 14.9014 12.1992 15.1606V20.2502H12.1997ZM13 13.1381C11.415 13.1381 9.88936 12.713 8.554 11.9035C8.31324 11.7576 8.2316 11.4488 8.37252 11.2057L12.5528 4.00366C12.7514 3.66124 13.2486 3.66124 13.4472 4.00366L17.6275 11.2057C17.7684 11.4483 17.6868 11.7571 17.446 11.9035C16.1112 12.713 14.585 13.1381 13 13.1381ZM22.2804 20.7638H14.3166C14.0317 20.7638 13.8003 20.5337 13.8003 20.2502V15.1606C13.8003 14.9014 13.9942 14.6826 14.2532 14.6511C15.6614 14.4788 17.0175 14.0149 18.2281 13.2923C18.4766 13.1438 18.799 13.224 18.9436 13.4738L22.7276 19.9931C22.9263 20.3356 22.6777 20.7638 22.2804 20.7638Z\"\/>\n<\/svg>                <\/div>\n                                    <picture class=\"w-full illustration-image\"><img srcset=\"https:\/\/images.ohmyhosting.se\/obpgt4Vkl7KQO1dSg1SAcePwinY=\/200x200\/smart\/filters:quality(85)\/https%3A%2F%2Flaplandresorts.se%2F%2Fwp-content%2Fuploads%2Fsites%2F2%2F2026%2F02%2F2026-lapporten-restaurang-kvinna-laser-meny-foto-per-lundstrom-taigapic.jpg 200w, https:\/\/images.ohmyhosting.se\/0Rr__gxCxyNLJuOhzHiKruBoLgA=\/241x241\/smart\/filters:quality(85)\/https%3A%2F%2Flaplandresorts.se%2F%2Fwp-content%2Fuploads%2Fsites%2F2%2F2026%2F02%2F2026-lapporten-restaurang-kvinna-laser-meny-foto-per-lundstrom-taigapic.jpg 241w, https:\/\/images.ohmyhosting.se\/AbtPO98jPpA9AbtdBr_r02cG7CQ=\/282x282\/smart\/filters:quality(85)\/https%3A%2F%2Flaplandresorts.se%2F%2Fwp-content%2Fuploads%2Fsites%2F2%2F2026%2F02%2F2026-lapporten-restaurang-kvinna-laser-meny-foto-per-lundstrom-taigapic.jpg 282w, https:\/\/images.ohmyhosting.se\/w4vhFJv_DZZhjX8Wi-FfHnI6N-8=\/323x323\/smart\/filters:quality(85)\/https%3A%2F%2Flaplandresorts.se%2F%2Fwp-content%2Fuploads%2Fsites%2F2%2F2026%2F02%2F2026-lapporten-restaurang-kvinna-laser-meny-foto-per-lundstrom-taigapic.jpg 323w, https:\/\/images.ohmyhosting.se\/XFKV3D4MfuibespIlqeHvzykyng=\/364x364\/smart\/filters:quality(85)\/https%3A%2F%2Flaplandresorts.se%2F%2Fwp-content%2Fuploads%2Fsites%2F2%2F2026%2F02%2F2026-lapporten-restaurang-kvinna-laser-meny-foto-per-lundstrom-taigapic.jpg 364w, https:\/\/images.ohmyhosting.se\/Tk__0XX8a7JW3SFkPsdRzDlKdZU=\/400x400\/smart\/filters:quality(85)\/https%3A%2F%2Flaplandresorts.se%2F%2Fwp-content%2Fuploads%2Fsites%2F2%2F2026%2F02%2F2026-lapporten-restaurang-kvinna-laser-meny-foto-per-lundstrom-taigapic.jpg 400w, https:\/\/images.ohmyhosting.se\/6VYQ8UQzMRQYEUX7D74bJLXSRNc=\/405x405\/smart\/filters:quality(85)\/https%3A%2F%2Flaplandresorts.se%2F%2Fwp-content%2Fuploads%2Fsites%2F2%2F2026%2F02%2F2026-lapporten-restaurang-kvinna-laser-meny-foto-per-lundstrom-taigapic.jpg 405w, https:\/\/images.ohmyhosting.se\/GZf7rqg1Ms8igi4xvijdhN0ZvCo=\/446x446\/smart\/filters:quality(85)\/https%3A%2F%2Flaplandresorts.se%2F%2Fwp-content%2Fuploads%2Fsites%2F2%2F2026%2F02%2F2026-lapporten-restaurang-kvinna-laser-meny-foto-per-lundstrom-taigapic.jpg 446w, https:\/\/images.ohmyhosting.se\/RPRR5wHpiWbtjcUGymbT-QuZnBQ=\/482x482\/smart\/filters:quality(85)\/https%3A%2F%2Flaplandresorts.se%2F%2Fwp-content%2Fuploads%2Fsites%2F2%2F2026%2F02%2F2026-lapporten-restaurang-kvinna-laser-meny-foto-per-lundstrom-taigapic.jpg 482w, https:\/\/images.ohmyhosting.se\/PCk7nMXDjRZvurpdXsViFw8g8FI=\/487x487\/smart\/filters:quality(85)\/https%3A%2F%2Flaplandresorts.se%2F%2Fwp-content%2Fuploads%2Fsites%2F2%2F2026%2F02%2F2026-lapporten-restaurang-kvinna-laser-meny-foto-per-lundstrom-taigapic.jpg 487w, https:\/\/images.ohmyhosting.se\/8m1tZXcqhvDGKZP3SbzmYTJGh_Q=\/528x528\/smart\/filters:quality(85)\/https%3A%2F%2Flaplandresorts.se%2F%2Fwp-content%2Fuploads%2Fsites%2F2%2F2026%2F02%2F2026-lapporten-restaurang-kvinna-laser-meny-foto-per-lundstrom-taigapic.jpg 528w, https:\/\/images.ohmyhosting.se\/jyHgoAzeVo7EEV8WYnrjD7yJN2Y=\/564x564\/smart\/filters:quality(85)\/https%3A%2F%2Flaplandresorts.se%2F%2Fwp-content%2Fuploads%2Fsites%2F2%2F2026%2F02%2F2026-lapporten-restaurang-kvinna-laser-meny-foto-per-lundstrom-taigapic.jpg 564w, https:\/\/images.ohmyhosting.se\/uT1DGdSrFxHaKG45j_sfRDA10VU=\/569x569\/smart\/filters:quality(85)\/https%3A%2F%2Flaplandresorts.se%2F%2Fwp-content%2Fuploads%2Fsites%2F2%2F2026%2F02%2F2026-lapporten-restaurang-kvinna-laser-meny-foto-per-lundstrom-taigapic.jpg 569w, https:\/\/images.ohmyhosting.se\/sar9YJjVRsmgixQPVG91tP-Px1U=\/610x610\/smart\/filters:quality(85)\/https%3A%2F%2Flaplandresorts.se%2F%2Fwp-content%2Fuploads%2Fsites%2F2%2F2026%2F02%2F2026-lapporten-restaurang-kvinna-laser-meny-foto-per-lundstrom-taigapic.jpg 610w, https:\/\/images.ohmyhosting.se\/pY-6TAD5bMBE4a-bG7qiJRQAsSE=\/646x646\/smart\/filters:quality(85)\/https%3A%2F%2Flaplandresorts.se%2F%2Fwp-content%2Fuploads%2Fsites%2F2%2F2026%2F02%2F2026-lapporten-restaurang-kvinna-laser-meny-foto-per-lundstrom-taigapic.jpg 646w, https:\/\/images.ohmyhosting.se\/jnLwtXWZftWHvcpy1D38YAcHSLs=\/651x651\/smart\/filters:quality(85)\/https%3A%2F%2Flaplandresorts.se%2F%2Fwp-content%2Fuploads%2Fsites%2F2%2F2026%2F02%2F2026-lapporten-restaurang-kvinna-laser-meny-foto-per-lundstrom-taigapic.jpg 651w, https:\/\/images.ohmyhosting.se\/0TuBzD3xMraYpQwD1oX5t8U_E-E=\/692x692\/smart\/filters:quality(85)\/https%3A%2F%2Flaplandresorts.se%2F%2Fwp-content%2Fuploads%2Fsites%2F2%2F2026%2F02%2F2026-lapporten-restaurang-kvinna-laser-meny-foto-per-lundstrom-taigapic.jpg 692w, https:\/\/images.ohmyhosting.se\/_KybV724OiVM18yBQuUeNTRuiaM=\/728x728\/smart\/filters:quality(85)\/https%3A%2F%2Flaplandresorts.se%2F%2Fwp-content%2Fuploads%2Fsites%2F2%2F2026%2F02%2F2026-lapporten-restaurang-kvinna-laser-meny-foto-per-lundstrom-taigapic.jpg 728w, https:\/\/images.ohmyhosting.se\/uyfbZ7VLDs9dQl86chP-lCFezxU=\/733x733\/smart\/filters:quality(85)\/https%3A%2F%2Flaplandresorts.se%2F%2Fwp-content%2Fuploads%2Fsites%2F2%2F2026%2F02%2F2026-lapporten-restaurang-kvinna-laser-meny-foto-per-lundstrom-taigapic.jpg 733w, https:\/\/images.ohmyhosting.se\/DntLeznb9fVfi3vGZ8HM9LF7Sfg=\/774x774\/smart\/filters:quality(85)\/https%3A%2F%2Flaplandresorts.se%2F%2Fwp-content%2Fuploads%2Fsites%2F2%2F2026%2F02%2F2026-lapporten-restaurang-kvinna-laser-meny-foto-per-lundstrom-taigapic.jpg 774w, https:\/\/images.ohmyhosting.se\/KBKDO7Jc3bikNNIDpV15DyRKFU4=\/797x797\/smart\/filters:quality(85)\/https%3A%2F%2Flaplandresorts.se%2F%2Fwp-content%2Fuploads%2Fsites%2F2%2F2026%2F02%2F2026-lapporten-restaurang-kvinna-laser-meny-foto-per-lundstrom-taigapic.jpg 797w, https:\/\/images.ohmyhosting.se\/aWfQgc3qS0CCgbwDMcgXl5eX7Co=\/810x810\/smart\/filters:quality(85)\/https%3A%2F%2Flaplandresorts.se%2F%2Fwp-content%2Fuploads%2Fsites%2F2%2F2026%2F02%2F2026-lapporten-restaurang-kvinna-laser-meny-foto-per-lundstrom-taigapic.jpg 810w, https:\/\/images.ohmyhosting.se\/SePZ0nHoY3zSMLLQ0DqH3IvwuEI=\/892x892\/smart\/filters:quality(85)\/https%3A%2F%2Flaplandresorts.se%2F%2Fwp-content%2Fuploads%2Fsites%2F2%2F2026%2F02%2F2026-lapporten-restaurang-kvinna-laser-meny-foto-per-lundstrom-taigapic.jpg 892w, https:\/\/images.ohmyhosting.se\/MhJeeqmIr-WtEqNTIA3yX91KD54=\/974x974\/smart\/filters:quality(85)\/https%3A%2F%2Flaplandresorts.se%2F%2Fwp-content%2Fuploads%2Fsites%2F2%2F2026%2F02%2F2026-lapporten-restaurang-kvinna-laser-meny-foto-per-lundstrom-taigapic.jpg 974w, https:\/\/images.ohmyhosting.se\/H93ZV4bX3oKZkVwVdZ_HiTWr128=\/1056x1056\/smart\/filters:quality(85)\/https%3A%2F%2Flaplandresorts.se%2F%2Fwp-content%2Fuploads%2Fsites%2F2%2F2026%2F02%2F2026-lapporten-restaurang-kvinna-laser-meny-foto-per-lundstrom-taigapic.jpg 1056w, https:\/\/images.ohmyhosting.se\/yVP8N2OTVUW0erMDfRliIh4VZNo=\/1138x1138\/smart\/filters:quality(85)\/https%3A%2F%2Flaplandresorts.se%2F%2Fwp-content%2Fuploads%2Fsites%2F2%2F2026%2F02%2F2026-lapporten-restaurang-kvinna-laser-meny-foto-per-lundstrom-taigapic.jpg 1138w, https:\/\/images.ohmyhosting.se\/BYxVugoZvy_5fU6IzzMQ84wU-tc=\/1220x1220\/smart\/filters:quality(85)\/https%3A%2F%2Flaplandresorts.se%2F%2Fwp-content%2Fuploads%2Fsites%2F2%2F2026%2F02%2F2026-lapporten-restaurang-kvinna-laser-meny-foto-per-lundstrom-taigapic.jpg 1220w, https:\/\/images.ohmyhosting.se\/ofOZIi4bx7ZnXse0nFTESQWuL6s=\/1302x1302\/smart\/filters:quality(85)\/https%3A%2F%2Flaplandresorts.se%2F%2Fwp-content%2Fuploads%2Fsites%2F2%2F2026%2F02%2F2026-lapporten-restaurang-kvinna-laser-meny-foto-per-lundstrom-taigapic.jpg 1302w, https:\/\/images.ohmyhosting.se\/rUlc-_0mawOJlLTuqAbk0WqHG-g=\/1384x1384\/smart\/filters:quality(85)\/https%3A%2F%2Flaplandresorts.se%2F%2Fwp-content%2Fuploads%2Fsites%2F2%2F2026%2F02%2F2026-lapporten-restaurang-kvinna-laser-meny-foto-per-lundstrom-taigapic.jpg 1384w, https:\/\/images.ohmyhosting.se\/zPqmQOufNGTpKZXH45_8Kjys0wo=\/1466x1466\/smart\/filters:quality(85)\/https%3A%2F%2Flaplandresorts.se%2F%2Fwp-content%2Fuploads%2Fsites%2F2%2F2026%2F02%2F2026-lapporten-restaurang-kvinna-laser-meny-foto-per-lundstrom-taigapic.jpg 1466w, https:\/\/images.ohmyhosting.se\/uP5zOWUu22LABcrU7LLYcFUs2lI=\/1548x1548\/smart\/filters:quality(85)\/https%3A%2F%2Flaplandresorts.se%2F%2Fwp-content%2Fuploads%2Fsites%2F2%2F2026%2F02%2F2026-lapporten-restaurang-kvinna-laser-meny-foto-per-lundstrom-taigapic.jpg 1548w, https:\/\/images.ohmyhosting.se\/UNLTB9VaLBdvcTnZR8Yxmzme8KA=\/1594x1594\/smart\/filters:quality(85)\/https%3A%2F%2Flaplandresorts.se%2F%2Fwp-content%2Fuploads%2Fsites%2F2%2F2026%2F02%2F2026-lapporten-restaurang-kvinna-laser-meny-foto-per-lundstrom-taigapic.jpg 1594w\" alt=\"kvinna l&auml;ser meny i Restaurang Lapporten\" class=\"w-full cover-image lazyload\" height=\"797\" width=\"797\" data-src=\"https:\/\/images.ohmyhosting.se\/KBKDO7Jc3bikNNIDpV15DyRKFU4=\/797x797\/smart\/filters:quality(85)\/https%3A%2F%2Flaplandresorts.se%2F%2Fwp-content%2Fuploads%2Fsites%2F2%2F2026%2F02%2F2026-lapporten-restaurang-kvinna-laser-meny-foto-per-lundstrom-taigapic.jpg\" loading=\"lazy\" \/><\/picture>\n                                    <\/div>\n        <div class=\"hero-subpage-column-content\">\n                                    <h1 class=\"fluid-display-03 mb-5 max-w-[10em] text-black-1000\">Meny &#8211; Lapporten restaurang<\/h1>\n                                    <a href=\"https:\/\/bjorkliden.com\/utbud-upplevelser\/mat-noje\/restauranger\/meny-lapporten\/#alacarte\"                 class=\"button button-primary label-02 px-5 py-[10px] self-start\">\n                \u00c0 la carte meny\n                    <svg class=\"ml-2 fill-(--icon-brand) text-(--icon-brand) size-5! block size-4 shrink-0\" viewBox=\"0 0 16 16\" fill=\"currentColor\" aria-hidden=\"true\">\n    <path d=\"M7.05953 1.6991L10.2115 5.2863C10.7555 5.9071 10.3171 6.87989 9.49153 6.87989H0.320312V9.11989H9.49153C10.3171 9.11989 10.7587 10.0927 10.2115 10.7135L7.05953 14.2975L8.74273 15.7791L15.5811 7.99989L8.74273 0.220703L7.05953 1.6991Z\"\/>\n<\/svg>\n            <\/a>\n                    <\/div>\n    <\/div>\n    <\/section>\n        \n\n<section  id=\"lunch\"  class=\"block-wrapper bg-(--background) color-scheme-light module-spacing-md-top module-spacing-md-bottom site-container\" data-block=\"text-section \">\n            <div class=\"content-container flex flex-col lg:flex-row lg:gap-x-36.25 xl:gap-x-43.75\">\n    <div class=\"w-full lg:max-w-[340px] xl:max-w-[430px]\">\n                    <h2 class=\"fluid-heading-05 mb-6 text-(--text-primary)\">Lunchmeny<\/h2>\n            <\/div>\n        <div class=\"lg:max-w-[580px] w-full flex flex-col items-end lg:items-start\">\n        <div class=\"wysiwyg wysiwyg--column md:max-w-[470px]\">\n            <h5>v.19<\/h5>\n<p>4 maj &#8211; 10 maj.<\/p>\n<p><strong>M\u00e5n:<br \/>\n<\/strong>Schnitzel med ugnsrostad potatis, \u00e4rtor och peppars\u00e5s<br \/>\nVeg: Vegetarisk schnitzel med ugnsrostad potatis, \u00e4rtor och peppars\u00e5s<\/p>\n<p><strong>Tis:<\/strong><br \/>\nK\u00f6ttbullar med potatisstomp, gr\u00e4dds\u00e5s och lingon<br \/>\nVeg: Vegobullar med potatisstomp, gr\u00e4dds\u00e5s och lingon<\/p>\n<p><strong>Ons:\u00a0<\/strong><br \/>\nPestopasta med kyckling, soltorkad tomat och parmesan<br \/>\nVeg: Pestopasta med stekost, soltorkad tomat och parmesan<\/p>\n<p><strong>Tors:<br \/>\n<\/strong>Fish and chips med remoulades\u00e5s och potatis<br \/>\nVeg: Krispig vegetarisk fil\u00e9 med potatis och remoulades\u00e5s<\/p>\n<p><strong>Fre:<\/strong><br \/>\nSvensk tacos<br \/>\nVeg: vegetarisk svensk tacos<\/p>\n<p><strong>L\u00f6r:<br \/>\n<\/strong>Stekt fl\u00e4sk med kokt potatis, l\u00f6ks\u00e5s och lingon<br \/>\nVeg: R\u00f6kt tofu med kokt potatis, l\u00f6ks\u00e5s och lingon<\/p>\n<p><strong>S\u00f6n:<\/strong><br \/>\nCheeseburgare med gr\u00f6nsaker, dressing, pommes och dipp<br \/>\nVegoburgare med gr\u00f6nsaker, dressing, pommes och dipp<\/p>\n\n        <\/div>\n    <\/div>\n      <\/div>\n    <\/section>\n\n\n<section  id=\"alacarte\"  class=\"block-wrapper bg-(--background-brand-secondary) color-scheme-light module-spacing-md-top module-spacing-md-bottom site-container\" data-block=\"text-section \">\n            <div class=\"content-container flex flex-col lg:flex-row lg:gap-x-36.25 xl:gap-x-43.75\">\n    <div class=\"w-full lg:max-w-[340px] xl:max-w-[430px]\">\n                    <h2 class=\"fluid-heading-05 mb-6 text-(--text-primary)\">\u00c0 la Carte meny<\/h2>\n            <\/div>\n        <div class=\"lg:max-w-[580px] w-full flex flex-col items-end lg:items-start\">\n        <div class=\"wysiwyg wysiwyg--column md:max-w-[470px]\">\n            <h3>F\u00f6rr\u00e4tter<\/h3>\n<p><strong>Sotad rentartar &#8211; 165 kr<\/strong><\/p>\n<p><em>MP, \u00c4<\/em><\/p>\n<p>L\u00e4tt sotad reninnanl\u00e5r fr\u00e5n Norrlandsvilt. Serveras med betor, cornichons, svampkr\u00e4m, krispig schalottenl\u00f6k, v\u00e4sterbottenkr\u00e4m och rivet r\u00f6kt renhj\u00e4rta.<\/p>\n<p><strong>Gratinerad ch\u00e8vreost &#8211; 155 kr<\/strong><\/p>\n<p><em>MP, L, G<\/em><\/p>\n<p>Varm ch\u00e8vreost serveras med knaperstekt levainbr\u00f6d, granskottskr\u00e4m samt en r\u00f6dbetsmarmelad smaksatt med lagerblad och rosmarin.<\/p>\n<p><strong>L\u00e4ttr\u00f6kt fj\u00e4llr\u00f6ding &#8211; 169 kr<\/strong><\/p>\n<p><em>MP, G, F, S<\/em><\/p>\n<p>Serveras p\u00e5 en savoj- och f\u00e4nk\u00e5lssallad med citrussagogryn, granskottskr\u00e4m, krispigt tunnbr\u00f6d samt regnb\u00e5gsrom.<\/p>\n<p><strong>L\u00f6jrom fr\u00e5n Bottenviken &#8211; 199 kr<\/strong><\/p>\n<p><em>MP, \u00c4, F<\/em><\/p>\n<p>Serveras med krispig potatis, v\u00e4sterbottenkr\u00e4m, vispad smetana, fint hackad r\u00f6dl\u00f6k och citronkr\u00e4m.<\/p>\n<p>&nbsp;<\/p>\n<h3>Varmr\u00e4tter<\/h3>\n<p><strong>Rosastekt reninnanl\u00e5r &#8211; 425 kr<\/strong><\/p>\n<p><em>\u00a0MP, L, G, \u00c4<\/em><\/p>\n<p>Med palsternackspur\u00e9, rostade rotfrukter, r\u00f6dbetss\u00e5s, friterad eldost, svampkr\u00e4m samt rotfruktschips.<\/p>\n<p><strong>Bakad torskrygg &#8211; 369 kr<\/strong><\/p>\n<p><em>MP, F<\/em><\/p>\n<p>Med dillslungad potatis, Sandefjords\u00e5s, sm\u00f6rslungade betor och savojk\u00e5l samt regnb\u00e5gsrom.<\/p>\n<p><strong>Stekt oxfil\u00e9 &#8211; 379 kr<\/strong><\/p>\n<p><em>MP, \u00c4<\/em><\/p>\n<p>Gr\u00f6npeppars\u00e5s, krispig potatisterrine, sm\u00f6rslungade betor, bakad spetsk\u00e5l samt en v\u00e4sterbottenkr\u00e4m.<\/p>\n<p><strong>Rotsellerifondant &#8211; 275 kr<\/strong><\/p>\n<p><em>MP, L, G, \u00c4 S<\/em><\/p>\n<p>Serveras med friterad eldost, palsternackspur\u00e9, v\u00e4sterbottenkr\u00e4m, krispig potatisterrine, rostade rotfrukter och citrussagogryn.<\/p>\n<p><strong>\u00c4lgf\u00e4rsbiffar &#8211; 295 kr<\/strong><\/p>\n<p><em>MP, \u00c4<\/em><\/p>\n<p>Med potatispur\u00e9, sm\u00f6rstekta kantareller, bakad spetsk\u00e5l, svampkr\u00e4m, r\u00e5r\u00f6rda lingon och timjaninfuserad pressgurka.<\/p>\n<p>&nbsp;<\/p>\n<h3>Desserter<\/h3>\n<p><strong>Cr\u00e8me br\u00fbl\u00e9e &#8211; 129 kr<\/strong><\/p>\n<p><em>MP, \u00c4<\/em><\/p>\n<p>Len Cr\u00e8me Br\u00fbl\u00e9e med syrlig b\u00e4rkompott.<\/p>\n<p><strong>Vispad m\u00f6rk chokladpannacotta &#8211; 149 kr<\/strong><\/p>\n<p><em>MP, \u00c4, S<\/em><\/p>\n<p>Med blodapelsingranit\u00e9, vaniljparfait och chokladflarn.<\/p>\n<p><strong>\u00c4ppelcrumble &#8211; 149 kr<\/strong><\/p>\n<p><em>MP, L, N<\/em><\/p>\n<p>Ljummen \u00e4ppelkompott med syltad ingef\u00e4ra, toppas med inkokt Granny Smith, mandel och toscacrumble samt vaniljglass.<\/p>\n<p><strong>Bakad cheesecake &#8211; 139 kr<\/strong><\/p>\n<p><em>MP, L, \u00c4, G<\/em><\/p>\n<p>Med en krispig kexbotten och en syrlig b\u00e4rkompott.<\/p>\n<p><strong>Pralin &#8211; 39 kr<\/strong><\/p>\n<p><em>MP, L, N<\/em><\/p>\n<p>Fr\u00e5ga personalen.<\/p>\n<p>&nbsp;<\/p>\n<p><strong>Allergener<\/strong><br \/>\n<em>F = Fisk<\/em><br \/>\n<em>G = Gluten<\/em><br \/>\n<em>L = Laktos<\/em><br \/>\n<em>MP = Mj\u00f6lkprotein<\/em><br \/>\n<em>N = N\u00f6tter<\/em><br \/>\n<em>SK = Skaldjur<\/em><br \/>\n<em>S = Senap<\/em><br \/>\n<em>\u00c4 = \u00c4gg<\/em><\/p>\n\n        <\/div>\n    <\/div>\n      <\/div>\n    <\/section>\n","protected":false},"excerpt":{"rendered":"","protected":false},"author":3,"featured_media":0,"parent":9888,"menu_order":0,"comment_status":"closed","ping_status":"closed","template":"","meta":{"_acf_changed":false,"_relevanssi_hide_post":"","_relevanssi_hide_content":"","_relevanssi_pin_for_all":"","_relevanssi_pin_keywords":"","_relevanssi_unpin_keywords":"","_relevanssi_related_keywords":"","_relevanssi_related_include_ids":"","_relevanssi_related_exclude_ids":"","_relevanssi_related_no_append":"","_relevanssi_related_not_related":"","_relevanssi_related_posts":"1","_relevanssi_noindex_reason":"","footnotes":""},"class_list":["post-11479","page","type-page","status-publish","hentry"],"acf":[],"_links":{"self":[{"href":"https:\/\/bjorkliden.com\/en\/wp-json\/wp\/v2\/pages\/11479","targetHints":{"allow":["GET"]}}],"collection":[{"href":"https:\/\/bjorkliden.com\/en\/wp-json\/wp\/v2\/pages"}],"about":[{"href":"https:\/\/bjorkliden.com\/en\/wp-json\/wp\/v2\/types\/page"}],"author":[{"embeddable":true,"href":"https:\/\/bjorkliden.com\/en\/wp-json\/wp\/v2\/users\/3"}],"replies":[{"embeddable":true,"href":"https:\/\/bjorkliden.com\/en\/wp-json\/wp\/v2\/comments?post=11479"}],"version-history":[{"count":25,"href":"https:\/\/bjorkliden.com\/en\/wp-json\/wp\/v2\/pages\/11479\/revisions"}],"predecessor-version":[{"id":14309,"href":"https:\/\/bjorkliden.com\/en\/wp-json\/wp\/v2\/pages\/11479\/revisions\/14309"}],"up":[{"embeddable":true,"href":"https:\/\/bjorkliden.com\/en\/wp-json\/wp\/v2\/pages\/9888"}],"wp:attachment":[{"href":"https:\/\/bjorkliden.com\/en\/wp-json\/wp\/v2\/media?parent=11479"}],"curies":[{"name":"wp","href":"https:\/\/api.w.org\/{rel}","templated":true}]}}