{"id":11590,"date":"2026-02-22T18:12:10","date_gmt":"2026-02-22T17:12:10","guid":{"rendered":"https:\/\/bjorkliden.com\/?page_id=11590"},"modified":"2026-03-17T11:16:27","modified_gmt":"2026-03-17T10:16:27","slug":"menu-rakkaskatan","status":"publish","type":"page","link":"https:\/\/bjorkliden.com\/en\/experiences\/food-fun\/restaurants\/menu-rakkaskatan\/","title":{"rendered":"Rakkask\u00e5tan - group bookings"},"content":{"rendered":"<section  class=\"acf-hero-subpage-block variant-columns block-wrapper bg-(--background) color-scheme-light module-spacing-md-top module-spacing-none-bottom\" data-block=\"hero-subpage-columns \">\n            <div class=\"hero-subpage-columns content-container relative image-right has-illustration\">\n                    <nav aria-label=\"Breadcrumb\" class=\"hero-breadcrumbs-column\"><ol><\/ol><\/nav><style>nav.hero-breadcrumbs-column ol{display:inline;list-style:none;margin-inline-start:0}nav.hero-breadcrumbs-column ol li{display:inline}nav.hero-breadcrumbs-column ol li:not(:last-child)::after{content:'|';margin-inline-end:1ch;margin-inline-start:1ch}<\/style>                <div class=\"hero-subpage-column-image\">\n                                        <div class=\"illustration-wrapper\">\n                    <div class=\"hero-columns-illustration-bg absolute top-14 md:top-24 lg:top-8 xl:top-12 2xl:top-20 bottom-0 left-0 w-full max-w-240 overflow-hidden\">\n    <svg class=\"block w-full h-auto stroke-(--text-primary)\" viewBox=\"0 0 797 797\">\n        <defs>\n            <pattern id=\"HeroColumnPattern\" x=\"0\" y=\"-.08\" width=\".077\" height=\"0.077\">\n                <path d=\"M30.2 25.8v9M25.8 30.2h9\" stroke-width=\"1\"\/>\n            <\/pattern>\n        <\/defs>\n        <rect fill=\"url(#HeroColumnPattern)\" width=\"797\" height=\"797\" stroke=\"none\"\/>\n    <\/svg>\n<\/div>\n<svg class=\"hero-columns-illustration-fg absolute size-17.25! md:size-27! xl:size-32.5! z-10 fill-(--icon-brand) block w-full h-full\" viewBox=\"0 0 26 24\" fill=\"currentColor\">\n    <path d=\"M20.1396 12.3493C20.0242 12.1502 20.0559 11.8988 20.2171 11.7343C20.6476 11.2947 21.0085 10.8483 21.0085 10.8483L19.7532 9.86038C19.7532 9.86038 19.6997 9.93021 19.6061 10.043C19.3762 10.3187 18.9405 10.283 18.7606 9.97262L13 0.0488281L7.24152 9.97003C7.06264 10.2783 6.63 10.3166 6.39912 10.044C6.32008 9.95038 6.2686 9.88779 6.2686 9.88779L5.01696 10.8809C5.01696 10.8809 5.28944 11.244 5.77668 11.7318C5.94152 11.8962 5.97532 12.1502 5.85832 12.3514L0.052002 22.3564H11.6828C11.9678 22.3564 12.1992 22.5866 12.1992 22.87V23.9506H13.8003V22.87C13.8003 22.5866 14.0317 22.3564 14.3166 22.3564H25.948L20.1396 12.3493ZM12.1997 20.2502C12.1997 20.5337 11.9683 20.7638 11.6834 20.7638H3.71904C3.32176 20.7638 3.0732 20.3356 3.27184 19.9931L7.05588 13.4733C7.20096 13.2235 7.52284 13.1433 7.7714 13.2918C8.98196 14.0149 10.3381 14.4783 11.7463 14.6511C12.0047 14.6826 12.1992 14.9014 12.1992 15.1606V20.2502H12.1997ZM13 13.1381C11.415 13.1381 9.88936 12.713 8.554 11.9035C8.31324 11.7576 8.2316 11.4488 8.37252 11.2057L12.5528 4.00366C12.7514 3.66124 13.2486 3.66124 13.4472 4.00366L17.6275 11.2057C17.7684 11.4483 17.6868 11.7571 17.446 11.9035C16.1112 12.713 14.585 13.1381 13 13.1381ZM22.2804 20.7638H14.3166C14.0317 20.7638 13.8003 20.5337 13.8003 20.2502V15.1606C13.8003 14.9014 13.9942 14.6826 14.2532 14.6511C15.6614 14.4788 17.0175 14.0149 18.2281 13.2923C18.4766 13.1438 18.799 13.224 18.9436 13.4738L22.7276 19.9931C22.9263 20.3356 22.6777 20.7638 22.2804 20.7638Z\"\/>\n<\/svg>                <\/div>\n                                    <picture class=\"w-full illustration-image\"><img srcset=\"https:\/\/images.ohmyhosting.se\/SixH1OUaajKa-nwzKM00Zuyntr8=\/200x200\/smart\/filters:quality(85)\/https%3A%2F%2Flaplandresorts.se%2F%2Fwp-content%2Fuploads%2Fsites%2F2%2F2026%2F02%2F2024-rakkaskatan-kastruller-oppen-eld-foto-marknad.jpg 200w, https:\/\/images.ohmyhosting.se\/rB3H5ZeRvnvPhbFoUl6v1bgIi8g=\/241x241\/smart\/filters:quality(85)\/https%3A%2F%2Flaplandresorts.se%2F%2Fwp-content%2Fuploads%2Fsites%2F2%2F2026%2F02%2F2024-rakkaskatan-kastruller-oppen-eld-foto-marknad.jpg 241w, https:\/\/images.ohmyhosting.se\/5zZc22PPGHuFnJpTlbLUn35v0eQ=\/282x282\/smart\/filters:quality(85)\/https%3A%2F%2Flaplandresorts.se%2F%2Fwp-content%2Fuploads%2Fsites%2F2%2F2026%2F02%2F2024-rakkaskatan-kastruller-oppen-eld-foto-marknad.jpg 282w, https:\/\/images.ohmyhosting.se\/YuYdsqH9PWyHvt0x88bp8JMI-0g=\/323x323\/smart\/filters:quality(85)\/https%3A%2F%2Flaplandresorts.se%2F%2Fwp-content%2Fuploads%2Fsites%2F2%2F2026%2F02%2F2024-rakkaskatan-kastruller-oppen-eld-foto-marknad.jpg 323w, https:\/\/images.ohmyhosting.se\/7tH-xPRG-IzdrusyGJFSLAOm3nA=\/364x364\/smart\/filters:quality(85)\/https%3A%2F%2Flaplandresorts.se%2F%2Fwp-content%2Fuploads%2Fsites%2F2%2F2026%2F02%2F2024-rakkaskatan-kastruller-oppen-eld-foto-marknad.jpg 364w, https:\/\/images.ohmyhosting.se\/n470LZbW5ljPNjDwDTgmT1_LGG8=\/400x400\/smart\/filters:quality(85)\/https%3A%2F%2Flaplandresorts.se%2F%2Fwp-content%2Fuploads%2Fsites%2F2%2F2026%2F02%2F2024-rakkaskatan-kastruller-oppen-eld-foto-marknad.jpg 400w, https:\/\/images.ohmyhosting.se\/PY1TyTIfFTeAJ5wbJTDZa_Yjn0s=\/405x405\/smart\/filters:quality(85)\/https%3A%2F%2Flaplandresorts.se%2F%2Fwp-content%2Fuploads%2Fsites%2F2%2F2026%2F02%2F2024-rakkaskatan-kastruller-oppen-eld-foto-marknad.jpg 405w, https:\/\/images.ohmyhosting.se\/RbDbr2gNS31jwYnb_JCU8NA6JNk=\/446x446\/smart\/filters:quality(85)\/https%3A%2F%2Flaplandresorts.se%2F%2Fwp-content%2Fuploads%2Fsites%2F2%2F2026%2F02%2F2024-rakkaskatan-kastruller-oppen-eld-foto-marknad.jpg 446w, https:\/\/images.ohmyhosting.se\/MyErpZ0vR9cg4gcZ_1N1gwG83qQ=\/482x482\/smart\/filters:quality(85)\/https%3A%2F%2Flaplandresorts.se%2F%2Fwp-content%2Fuploads%2Fsites%2F2%2F2026%2F02%2F2024-rakkaskatan-kastruller-oppen-eld-foto-marknad.jpg 482w, https:\/\/images.ohmyhosting.se\/ClTHp7O5nzzp2o_xJEZpoTHzyI4=\/487x487\/smart\/filters:quality(85)\/https%3A%2F%2Flaplandresorts.se%2F%2Fwp-content%2Fuploads%2Fsites%2F2%2F2026%2F02%2F2024-rakkaskatan-kastruller-oppen-eld-foto-marknad.jpg 487w, https:\/\/images.ohmyhosting.se\/yXI8KH_vdh8GS8k2HYswWVY4SAU=\/528x528\/smart\/filters:quality(85)\/https%3A%2F%2Flaplandresorts.se%2F%2Fwp-content%2Fuploads%2Fsites%2F2%2F2026%2F02%2F2024-rakkaskatan-kastruller-oppen-eld-foto-marknad.jpg 528w, https:\/\/images.ohmyhosting.se\/0QlMTzjIzGPuh0MkAgP9EZYxLRg=\/564x564\/smart\/filters:quality(85)\/https%3A%2F%2Flaplandresorts.se%2F%2Fwp-content%2Fuploads%2Fsites%2F2%2F2026%2F02%2F2024-rakkaskatan-kastruller-oppen-eld-foto-marknad.jpg 564w, https:\/\/images.ohmyhosting.se\/t6sRrCahSBwUWrEXW2-LMWs6p0s=\/569x569\/smart\/filters:quality(85)\/https%3A%2F%2Flaplandresorts.se%2F%2Fwp-content%2Fuploads%2Fsites%2F2%2F2026%2F02%2F2024-rakkaskatan-kastruller-oppen-eld-foto-marknad.jpg 569w, https:\/\/images.ohmyhosting.se\/QzEWrT2Ab2DYpU0UpcTjVYFEriU=\/610x610\/smart\/filters:quality(85)\/https%3A%2F%2Flaplandresorts.se%2F%2Fwp-content%2Fuploads%2Fsites%2F2%2F2026%2F02%2F2024-rakkaskatan-kastruller-oppen-eld-foto-marknad.jpg 610w, https:\/\/images.ohmyhosting.se\/6l0ZJTXpx4ugKSHyHlxE8-P87bU=\/646x646\/smart\/filters:quality(85)\/https%3A%2F%2Flaplandresorts.se%2F%2Fwp-content%2Fuploads%2Fsites%2F2%2F2026%2F02%2F2024-rakkaskatan-kastruller-oppen-eld-foto-marknad.jpg 646w, https:\/\/images.ohmyhosting.se\/wVChAoBb7dYk1U6r2kc4PR4a0Rs=\/651x651\/smart\/filters:quality(85)\/https%3A%2F%2Flaplandresorts.se%2F%2Fwp-content%2Fuploads%2Fsites%2F2%2F2026%2F02%2F2024-rakkaskatan-kastruller-oppen-eld-foto-marknad.jpg 651w, https:\/\/images.ohmyhosting.se\/BHgIZQ5UiuCbs0EwMdjCk4xEMMk=\/692x692\/smart\/filters:quality(85)\/https%3A%2F%2Flaplandresorts.se%2F%2Fwp-content%2Fuploads%2Fsites%2F2%2F2026%2F02%2F2024-rakkaskatan-kastruller-oppen-eld-foto-marknad.jpg 692w, https:\/\/images.ohmyhosting.se\/FkkD44Xh9Kgq1XTE5esn8TSbGAk=\/728x728\/smart\/filters:quality(85)\/https%3A%2F%2Flaplandresorts.se%2F%2Fwp-content%2Fuploads%2Fsites%2F2%2F2026%2F02%2F2024-rakkaskatan-kastruller-oppen-eld-foto-marknad.jpg 728w, https:\/\/images.ohmyhosting.se\/2d48l2-MgYsZFWIufta7xZjCY_g=\/733x733\/smart\/filters:quality(85)\/https%3A%2F%2Flaplandresorts.se%2F%2Fwp-content%2Fuploads%2Fsites%2F2%2F2026%2F02%2F2024-rakkaskatan-kastruller-oppen-eld-foto-marknad.jpg 733w, https:\/\/images.ohmyhosting.se\/WHkBP2QOtoYQO_OzwycUVgYRWEI=\/774x774\/smart\/filters:quality(85)\/https%3A%2F%2Flaplandresorts.se%2F%2Fwp-content%2Fuploads%2Fsites%2F2%2F2026%2F02%2F2024-rakkaskatan-kastruller-oppen-eld-foto-marknad.jpg 774w, https:\/\/images.ohmyhosting.se\/YSilwm-lUj1-pm3wCn7fOPiB5Zs=\/797x797\/smart\/filters:quality(85)\/https%3A%2F%2Flaplandresorts.se%2F%2Fwp-content%2Fuploads%2Fsites%2F2%2F2026%2F02%2F2024-rakkaskatan-kastruller-oppen-eld-foto-marknad.jpg 797w, https:\/\/images.ohmyhosting.se\/8NW1zbr8DC5Mh8i--qr0-MdD1m4=\/810x810\/smart\/filters:quality(85)\/https%3A%2F%2Flaplandresorts.se%2F%2Fwp-content%2Fuploads%2Fsites%2F2%2F2026%2F02%2F2024-rakkaskatan-kastruller-oppen-eld-foto-marknad.jpg 810w, https:\/\/images.ohmyhosting.se\/P4LKmC5MR1Nzr-Ykhw5tT7O-u7A=\/892x892\/smart\/filters:quality(85)\/https%3A%2F%2Flaplandresorts.se%2F%2Fwp-content%2Fuploads%2Fsites%2F2%2F2026%2F02%2F2024-rakkaskatan-kastruller-oppen-eld-foto-marknad.jpg 892w, https:\/\/images.ohmyhosting.se\/WWkhNRIN7C6zH4CM3BXeQgkXR1A=\/974x974\/smart\/filters:quality(85)\/https%3A%2F%2Flaplandresorts.se%2F%2Fwp-content%2Fuploads%2Fsites%2F2%2F2026%2F02%2F2024-rakkaskatan-kastruller-oppen-eld-foto-marknad.jpg 974w, https:\/\/images.ohmyhosting.se\/SI0PLQpH7h6zjpKia3c7fNB2VSA=\/1056x1056\/smart\/filters:quality(85)\/https%3A%2F%2Flaplandresorts.se%2F%2Fwp-content%2Fuploads%2Fsites%2F2%2F2026%2F02%2F2024-rakkaskatan-kastruller-oppen-eld-foto-marknad.jpg 1056w, https:\/\/images.ohmyhosting.se\/OL1ZuKhY467MgO03kx2iZz6B894=\/1138x1138\/smart\/filters:quality(85)\/https%3A%2F%2Flaplandresorts.se%2F%2Fwp-content%2Fuploads%2Fsites%2F2%2F2026%2F02%2F2024-rakkaskatan-kastruller-oppen-eld-foto-marknad.jpg 1138w, https:\/\/images.ohmyhosting.se\/1EJxlWEYDFNLEh_ZnpcrJHce254=\/1220x1220\/smart\/filters:quality(85)\/https%3A%2F%2Flaplandresorts.se%2F%2Fwp-content%2Fuploads%2Fsites%2F2%2F2026%2F02%2F2024-rakkaskatan-kastruller-oppen-eld-foto-marknad.jpg 1220w, https:\/\/images.ohmyhosting.se\/0faATovb3a-_MNS_z2DECskEHDs=\/1302x1302\/smart\/filters:quality(85)\/https%3A%2F%2Flaplandresorts.se%2F%2Fwp-content%2Fuploads%2Fsites%2F2%2F2026%2F02%2F2024-rakkaskatan-kastruller-oppen-eld-foto-marknad.jpg 1302w, https:\/\/images.ohmyhosting.se\/_bntoG5tE0pS8-DIsK-E6RZPfnY=\/1384x1384\/smart\/filters:quality(85)\/https%3A%2F%2Flaplandresorts.se%2F%2Fwp-content%2Fuploads%2Fsites%2F2%2F2026%2F02%2F2024-rakkaskatan-kastruller-oppen-eld-foto-marknad.jpg 1384w, https:\/\/images.ohmyhosting.se\/OZ7J5Te-6OwU7AOF-iBi4bS4BbU=\/1466x1466\/smart\/filters:quality(85)\/https%3A%2F%2Flaplandresorts.se%2F%2Fwp-content%2Fuploads%2Fsites%2F2%2F2026%2F02%2F2024-rakkaskatan-kastruller-oppen-eld-foto-marknad.jpg 1466w, https:\/\/images.ohmyhosting.se\/5MYi-yy04lqaq_lcqDDMAKLgvLo=\/1548x1548\/smart\/filters:quality(85)\/https%3A%2F%2Flaplandresorts.se%2F%2Fwp-content%2Fuploads%2Fsites%2F2%2F2026%2F02%2F2024-rakkaskatan-kastruller-oppen-eld-foto-marknad.jpg 1548w, https:\/\/images.ohmyhosting.se\/A5RPR1XPEposB4VKAYtfmUdbME4=\/1594x1594\/smart\/filters:quality(85)\/https%3A%2F%2Flaplandresorts.se%2F%2Fwp-content%2Fuploads%2Fsites%2F2%2F2026%2F02%2F2024-rakkaskatan-kastruller-oppen-eld-foto-marknad.jpg 1594w\" alt=\"kastruller &ouml;ver &ouml;ppen eld i Rakkask&aring;tan\" class=\"w-full cover-image lazyload\" height=\"797\" width=\"797\" data-src=\"https:\/\/images.ohmyhosting.se\/YSilwm-lUj1-pm3wCn7fOPiB5Zs=\/797x797\/smart\/filters:quality(85)\/https%3A%2F%2Flaplandresorts.se%2F%2Fwp-content%2Fuploads%2Fsites%2F2%2F2026%2F02%2F2024-rakkaskatan-kastruller-oppen-eld-foto-marknad.jpg\" loading=\"lazy\" \/><\/picture>\n                                    <\/div>\n        <div class=\"hero-subpage-column-content\">\n                        <div class=\"flex gap-x-2\"> <svg class=\"text-(--icon-brand) block size-4 shrink-0\" viewBox=\"0 0 16 16\" fill=\"currentColor\" aria-hidden=\"true\">\n    <path d=\"M15.68 6.87982H10.72C9.83681 6.87982 9.12001 6.16302 9.12001 5.27982V0.319824H6.88001V5.27982C6.88001 6.16302 6.16321 6.87982 5.28001 6.87982H0.320007V9.11982H5.28001C6.16321 9.11982 6.88001 9.83663 6.88001 10.7198V15.6798H9.12001V10.7198C9.12001 9.83663 9.83681 9.11982 10.72 9.11982H15.68V6.87982Z\"\/>\n<\/svg>\n                <p class=\"overline-text mb-3 lg:mb-4 text-black-1000\">Chambre Separ\u00e9e<\/p>\n            <\/div>\n                                    <h1 class=\"fluid-display-03 mb-5 max-w-[10em] text-black-1000\">Boka Rakkask\u00e5tan<\/h1>\n                                <\/div>\n    <\/div>\n    <\/section>\n        \n\n<section  class=\"block-wrapper bg-(--background) color-scheme-light module-spacing-md-top module-spacing-md-bottom site-container\" data-block=\"text-section \">\n            <div class=\"content-container flex flex-col lg:items-center\">\n    <div class=\"w-full lg:max-w-[580px]\">\n                    <h2 class=\"fluid-heading-05 mb-6 text-(--text-primary)\">Upplev en of\u00f6rgl\u00f6mlig m\u00e5ltid i Rakkask\u00e5tan<\/h2>\n            <\/div>\n        <div class=\"lg:max-w-[580px] w-full\">\n        <div class=\"wysiwyg md:max-w-[567px]\">\n            <p>Letar ni efter den perfekta platsen f\u00f6r gruppbokningar? Rakkask\u00e5tan \u00e4r den ultimata m\u00f6tesplatsen f\u00f6r v\u00e4nner, familj eller kollegor som vill njuta av en unik matupplevelse tillsammans. H\u00e4r kan hela s\u00e4llskapet samlas i en varm, intim milj\u00f6 och dela norrl\u00e4ndska smaker fr\u00e5n v\u00e5r omsorgsfullt komponerade meny.<\/p>\n<p>Boka <a href=\"mailto:anders.scharp@laplandresorts.se\">h\u00e4r!<\/a><\/p>\n\n        <\/div>\n    <\/div>\n      <\/div>\n    <\/section>\n\n\n<section  class=\"block-wrapper bg-(--background-brand-secondary) color-scheme-light module-spacing-md-top module-spacing-md-bottom site-container\" data-block=\"text-section \">\n            <div class=\"content-container flex flex-col lg:flex-row lg:gap-x-36.25 xl:gap-x-43.75\">\n    <div class=\"w-full lg:max-w-[340px] xl:max-w-[430px]\">\n                    <h2 class=\"fluid-heading-05 mb-6 text-(--text-primary)\">Meny<\/h2>\n            <\/div>\n        <div class=\"lg:max-w-[580px] w-full flex flex-col items-end lg:items-start\">\n        <div class=\"wysiwyg wysiwyg--column md:max-w-[470px]\">\n            <h4 data-path-to-node=\"7\">F\u00f6rr\u00e4tter<\/h4>\n<p data-path-to-node=\"8,0,0\"><b data-path-to-node=\"8,0,0\" data-index-in-node=\"0\">Svamptoast<\/b><\/p>\n<p data-path-to-node=\"8,0,0\">Kr\u00e4mig svamp p\u00e5 sm\u00f6rstekt br\u00f6d med picklad silverl\u00f6k och lagrad V\u00e4sterbottensost.<\/p>\n<p data-path-to-node=\"8,1,0\"><b data-path-to-node=\"8,1,0\" data-index-in-node=\"0\">Ren \u201dPelle Janzon\u201d<\/b><\/p>\n<p data-path-to-node=\"8,1,0\">En norrl\u00e4ndsk twist p\u00e5 klassikern, serveras p\u00e5 fint renk\u00f6tt med traditionella tillbeh\u00f6r.<\/p>\n<h4 data-path-to-node=\"9\">Varmr\u00e4tter<\/h4>\n<p data-path-to-node=\"10,0,0\"><b data-path-to-node=\"10,0,0\" data-index-in-node=\"0\">Souvasgryta<\/b><\/p>\n<p data-path-to-node=\"10,0,0\">R\u00f6kigt renk\u00f6tt som sjudits till perfektion, serveras med lent potatispur\u00e9, r\u00e5r\u00f6rda lingon och sm\u00f6rstekta kantareller.<\/p>\n<p data-path-to-node=\"10,1,0\"><b data-path-to-node=\"10,1,0\" data-index-in-node=\"0\">Grillad Fj\u00e4llr\u00f6ding<\/b><\/p>\n<p data-path-to-node=\"10,1,0\">Serveras med potatispur\u00e9, kantareller och en kr\u00e4mig roms\u00e5s som f\u00f6rh\u00f6jer smaken av det klara fj\u00e4llvattnet.<\/p>\n<h4 data-path-to-node=\"11\">Dessert<\/h4>\n<p data-path-to-node=\"12,0,0\"><b data-path-to-node=\"12,0,0\" data-index-in-node=\"0\">Romdoppad sockerkaka<\/b><\/p>\n<p data-path-to-node=\"12,0,0\">Med varma b\u00e4r och ett kn\u00e4ckigt krisp f\u00f6r en perfekt balans mellan s\u00f6tt och syrligt.<\/p>\n<p data-path-to-node=\"12,1,0\"><b data-path-to-node=\"12,1,0\" data-index-in-node=\"0\">Bakad choklad<\/b><\/p>\n<p data-path-to-node=\"12,1,0\">En fyllig chokladdr\u00f6m som serveras med hallonparfait och kn\u00e4ckigt krisp.<\/p>\n\n        <\/div>\n    <\/div>\n      <\/div>\n    <\/section>\n","protected":false},"excerpt":{"rendered":"","protected":false},"author":3,"featured_media":0,"parent":9888,"menu_order":0,"comment_status":"closed","ping_status":"closed","template":"","meta":{"_acf_changed":false,"_relevanssi_hide_post":"","_relevanssi_hide_content":"","_relevanssi_pin_for_all":"","_relevanssi_pin_keywords":"","_relevanssi_unpin_keywords":"","_relevanssi_related_keywords":"","_relevanssi_related_include_ids":"","_relevanssi_related_exclude_ids":"","_relevanssi_related_no_append":"","_relevanssi_related_not_related":"","_relevanssi_related_posts":"1","_relevanssi_noindex_reason":"","footnotes":""},"class_list":["post-11590","page","type-page","status-publish","hentry"],"acf":[],"_links":{"self":[{"href":"https:\/\/bjorkliden.com\/en\/wp-json\/wp\/v2\/pages\/11590","targetHints":{"allow":["GET"]}}],"collection":[{"href":"https:\/\/bjorkliden.com\/en\/wp-json\/wp\/v2\/pages"}],"about":[{"href":"https:\/\/bjorkliden.com\/en\/wp-json\/wp\/v2\/types\/page"}],"author":[{"embeddable":true,"href":"https:\/\/bjorkliden.com\/en\/wp-json\/wp\/v2\/users\/3"}],"replies":[{"embeddable":true,"href":"https:\/\/bjorkliden.com\/en\/wp-json\/wp\/v2\/comments?post=11590"}],"version-history":[{"count":4,"href":"https:\/\/bjorkliden.com\/en\/wp-json\/wp\/v2\/pages\/11590\/revisions"}],"predecessor-version":[{"id":13171,"href":"https:\/\/bjorkliden.com\/en\/wp-json\/wp\/v2\/pages\/11590\/revisions\/13171"}],"up":[{"embeddable":true,"href":"https:\/\/bjorkliden.com\/en\/wp-json\/wp\/v2\/pages\/9888"}],"wp:attachment":[{"href":"https:\/\/bjorkliden.com\/en\/wp-json\/wp\/v2\/media?parent=11590"}],"curies":[{"name":"wp","href":"https:\/\/api.w.org\/{rel}","templated":true}]}}