{"id":13005,"date":"2026-03-06T16:24:19","date_gmt":"2026-03-06T15:24:19","guid":{"rendered":"https:\/\/bjorkliden.com\/?page_id=13005"},"modified":"2026-03-17T09:15:38","modified_gmt":"2026-03-17T08:15:38","slug":"lounge-menu","status":"publish","type":"page","link":"https:\/\/bjorkliden.com\/en\/experiences\/food-fun\/lobby-bar\/lounge-menu\/","title":{"rendered":"Lounge menu"},"content":{"rendered":"<section  class=\"acf-hero-subpage-block variant-columns block-wrapper bg-(--background) color-scheme-light module-spacing-md-top module-spacing-md-bottom\" data-block=\"hero-subpage-columns \">\n            <div class=\"hero-subpage-columns content-container relative image-left no-illustration\">\n                <div class=\"hero-subpage-column-image\">\n                                        <picture class=\"w-full column-image\"><img srcset=\"https:\/\/images.ohmyhosting.se\/4cBu7Vlbgi7lmAeer51VdMqEczE=\/200x194\/smart\/filters:quality(85)\/https%3A%2F%2Flaplandresorts.se%2F%2Fwp-content%2Fuploads%2Fsites%2F2%2F2026%2F03%2F2025-aretrunt-restaurang-lapporten-mat-perlundstrom.jpg 200w, https:\/\/images.ohmyhosting.se\/4hwut9bkWwOZ9sll6RReiP4F34U=\/241x234\/smart\/filters:quality(85)\/https%3A%2F%2Flaplandresorts.se%2F%2Fwp-content%2Fuploads%2Fsites%2F2%2F2026%2F03%2F2025-aretrunt-restaurang-lapporten-mat-perlundstrom.jpg 241w, https:\/\/images.ohmyhosting.se\/PJOVWNXvcK1YOm5EWw6N0OldzVY=\/282x274\/smart\/filters:quality(85)\/https%3A%2F%2Flaplandresorts.se%2F%2Fwp-content%2Fuploads%2Fsites%2F2%2F2026%2F03%2F2025-aretrunt-restaurang-lapporten-mat-perlundstrom.jpg 282w, https:\/\/images.ohmyhosting.se\/xqlzTVhGLN-jxMNTHukTHv-PJLY=\/323x314\/smart\/filters:quality(85)\/https%3A%2F%2Flaplandresorts.se%2F%2Fwp-content%2Fuploads%2Fsites%2F2%2F2026%2F03%2F2025-aretrunt-restaurang-lapporten-mat-perlundstrom.jpg 323w, https:\/\/images.ohmyhosting.se\/nyzRV1LjLxf4homzzRiK95xia0Q=\/364x354\/smart\/filters:quality(85)\/https%3A%2F%2Flaplandresorts.se%2F%2Fwp-content%2Fuploads%2Fsites%2F2%2F2026%2F03%2F2025-aretrunt-restaurang-lapporten-mat-perlundstrom.jpg 364w, https:\/\/images.ohmyhosting.se\/ZYV9VlTgU1fIG72wCGYfjL8d5v4=\/400x389\/smart\/filters:quality(85)\/https%3A%2F%2Flaplandresorts.se%2F%2Fwp-content%2Fuploads%2Fsites%2F2%2F2026%2F03%2F2025-aretrunt-restaurang-lapporten-mat-perlundstrom.jpg 400w, https:\/\/images.ohmyhosting.se\/ABD9U6OJksvJ9et9Fi-376WKoy0=\/405x394\/smart\/filters:quality(85)\/https%3A%2F%2Flaplandresorts.se%2F%2Fwp-content%2Fuploads%2Fsites%2F2%2F2026%2F03%2F2025-aretrunt-restaurang-lapporten-mat-perlundstrom.jpg 405w, https:\/\/images.ohmyhosting.se\/L3oGtlfdNEuby2qJOX8frqqYv14=\/446x434\/smart\/filters:quality(85)\/https%3A%2F%2Flaplandresorts.se%2F%2Fwp-content%2Fuploads%2Fsites%2F2%2F2026%2F03%2F2025-aretrunt-restaurang-lapporten-mat-perlundstrom.jpg 446w, https:\/\/images.ohmyhosting.se\/oku-NYzQ0UtnKE9DwNVM3TpHtgA=\/482x469\/smart\/filters:quality(85)\/https%3A%2F%2Flaplandresorts.se%2F%2Fwp-content%2Fuploads%2Fsites%2F2%2F2026%2F03%2F2025-aretrunt-restaurang-lapporten-mat-perlundstrom.jpg 482w, https:\/\/images.ohmyhosting.se\/k1_anSvSLIBPMC30LEVqfvsxDhk=\/487x474\/smart\/filters:quality(85)\/https%3A%2F%2Flaplandresorts.se%2F%2Fwp-content%2Fuploads%2Fsites%2F2%2F2026%2F03%2F2025-aretrunt-restaurang-lapporten-mat-perlundstrom.jpg 487w, https:\/\/images.ohmyhosting.se\/zu_Wr8B6aKs6Ljjc4gd7eH2A7d4=\/528x514\/smart\/filters:quality(85)\/https%3A%2F%2Flaplandresorts.se%2F%2Fwp-content%2Fuploads%2Fsites%2F2%2F2026%2F03%2F2025-aretrunt-restaurang-lapporten-mat-perlundstrom.jpg 528w, https:\/\/images.ohmyhosting.se\/r804-FOTFN6Sf32ux2dTmiWIfqM=\/564x549\/smart\/filters:quality(85)\/https%3A%2F%2Flaplandresorts.se%2F%2Fwp-content%2Fuploads%2Fsites%2F2%2F2026%2F03%2F2025-aretrunt-restaurang-lapporten-mat-perlundstrom.jpg 564w, https:\/\/images.ohmyhosting.se\/7_fLCsPCVkanx1HJ-lt1Z2_hDgg=\/569x554\/smart\/filters:quality(85)\/https%3A%2F%2Flaplandresorts.se%2F%2Fwp-content%2Fuploads%2Fsites%2F2%2F2026%2F03%2F2025-aretrunt-restaurang-lapporten-mat-perlundstrom.jpg 569w, https:\/\/images.ohmyhosting.se\/2DIpgFo5RO5pGOYw333X1O5Y0oo=\/610x594\/smart\/filters:quality(85)\/https%3A%2F%2Flaplandresorts.se%2F%2Fwp-content%2Fuploads%2Fsites%2F2%2F2026%2F03%2F2025-aretrunt-restaurang-lapporten-mat-perlundstrom.jpg 610w, https:\/\/images.ohmyhosting.se\/gTnYWCTNFbBe7wNbwHF6IKqnEDs=\/646x629\/smart\/filters:quality(85)\/https%3A%2F%2Flaplandresorts.se%2F%2Fwp-content%2Fuploads%2Fsites%2F2%2F2026%2F03%2F2025-aretrunt-restaurang-lapporten-mat-perlundstrom.jpg 646w, https:\/\/images.ohmyhosting.se\/I4NtbLfg5FSEjJ0LkThHClR61E4=\/651x634\/smart\/filters:quality(85)\/https%3A%2F%2Flaplandresorts.se%2F%2Fwp-content%2Fuploads%2Fsites%2F2%2F2026%2F03%2F2025-aretrunt-restaurang-lapporten-mat-perlundstrom.jpg 651w, https:\/\/images.ohmyhosting.se\/mZU5o17pHEGIQrY7p823eyJrpes=\/692x674\/smart\/filters:quality(85)\/https%3A%2F%2Flaplandresorts.se%2F%2Fwp-content%2Fuploads%2Fsites%2F2%2F2026%2F03%2F2025-aretrunt-restaurang-lapporten-mat-perlundstrom.jpg 692w, https:\/\/images.ohmyhosting.se\/mJkYX5QRMTrP1B5d-83GFJJ6TSs=\/728x709\/smart\/filters:quality(85)\/https%3A%2F%2Flaplandresorts.se%2F%2Fwp-content%2Fuploads%2Fsites%2F2%2F2026%2F03%2F2025-aretrunt-restaurang-lapporten-mat-perlundstrom.jpg 728w, https:\/\/images.ohmyhosting.se\/hRWLohzSVBP7jf1I8YiZEokHrzM=\/733x714\/smart\/filters:quality(85)\/https%3A%2F%2Flaplandresorts.se%2F%2Fwp-content%2Fuploads%2Fsites%2F2%2F2026%2F03%2F2025-aretrunt-restaurang-lapporten-mat-perlundstrom.jpg 733w, https:\/\/images.ohmyhosting.se\/9yiq2P6aOKRyip9Zy2AFq0PDxFU=\/774x754\/smart\/filters:quality(85)\/https%3A%2F%2Flaplandresorts.se%2F%2Fwp-content%2Fuploads%2Fsites%2F2%2F2026%2F03%2F2025-aretrunt-restaurang-lapporten-mat-perlundstrom.jpg 774w, https:\/\/images.ohmyhosting.se\/Z9pgbgZC7QeFTOLstGgWlbPgdgc=\/810x789\/smart\/filters:quality(85)\/https%3A%2F%2Flaplandresorts.se%2F%2Fwp-content%2Fuploads%2Fsites%2F2%2F2026%2F03%2F2025-aretrunt-restaurang-lapporten-mat-perlundstrom.jpg 810w, https:\/\/images.ohmyhosting.se\/cwfvIWmON6C_cHwXGi_gBsv52sY=\/815x794\/smart\/filters:quality(85)\/https%3A%2F%2Flaplandresorts.se%2F%2Fwp-content%2Fuploads%2Fsites%2F2%2F2026%2F03%2F2025-aretrunt-restaurang-lapporten-mat-perlundstrom.jpg 815w, https:\/\/images.ohmyhosting.se\/I6rqoV7w6wos-mP3MfDrlwp34jE=\/856x834\/smart\/filters:quality(85)\/https%3A%2F%2Flaplandresorts.se%2F%2Fwp-content%2Fuploads%2Fsites%2F2%2F2026%2F03%2F2025-aretrunt-restaurang-lapporten-mat-perlundstrom.jpg 856w, https:\/\/images.ohmyhosting.se\/4ENDlUYb_w24CUjVlPyukBowecY=\/892x869\/smart\/filters:quality(85)\/https%3A%2F%2Flaplandresorts.se%2F%2Fwp-content%2Fuploads%2Fsites%2F2%2F2026%2F03%2F2025-aretrunt-restaurang-lapporten-mat-perlundstrom.jpg 892w, https:\/\/images.ohmyhosting.se\/cAeS5MzZeonSUR42eddZS1crraE=\/897x874\/smart\/filters:quality(85)\/https%3A%2F%2Flaplandresorts.se%2F%2Fwp-content%2Fuploads%2Fsites%2F2%2F2026%2F03%2F2025-aretrunt-restaurang-lapporten-mat-perlundstrom.jpg 897w, https:\/\/images.ohmyhosting.se\/jEA_beVg4HIabLzKnkZ29ukyRpg=\/938x914\/smart\/filters:quality(85)\/https%3A%2F%2Flaplandresorts.se%2F%2Fwp-content%2Fuploads%2Fsites%2F2%2F2026%2F03%2F2025-aretrunt-restaurang-lapporten-mat-perlundstrom.jpg 938w, https:\/\/images.ohmyhosting.se\/1690zJ7XbRi9PbCg_QIdHD8wCgY=\/948x924\/smart\/filters:quality(85)\/https%3A%2F%2Flaplandresorts.se%2F%2Fwp-content%2Fuploads%2Fsites%2F2%2F2026%2F03%2F2025-aretrunt-restaurang-lapporten-mat-perlundstrom.jpg 948w, https:\/\/images.ohmyhosting.se\/3tmJAoDsNCdU1TX7rUAZnDUCbUI=\/974x949\/smart\/filters:quality(85)\/https%3A%2F%2Flaplandresorts.se%2F%2Fwp-content%2Fuploads%2Fsites%2F2%2F2026%2F03%2F2025-aretrunt-restaurang-lapporten-mat-perlundstrom.jpg 974w, https:\/\/images.ohmyhosting.se\/5BL2VdmGG8uyjnPHjohdof5ODpA=\/1056x1029\/smart\/filters:quality(85)\/https%3A%2F%2Flaplandresorts.se%2F%2Fwp-content%2Fuploads%2Fsites%2F2%2F2026%2F03%2F2025-aretrunt-restaurang-lapporten-mat-perlundstrom.jpg 1056w, https:\/\/images.ohmyhosting.se\/BTKNEOp4tI_LA4YaIbfaUgoGPqw=\/1138x1109\/smart\/filters:quality(85)\/https%3A%2F%2Flaplandresorts.se%2F%2Fwp-content%2Fuploads%2Fsites%2F2%2F2026%2F03%2F2025-aretrunt-restaurang-lapporten-mat-perlundstrom.jpg 1138w, https:\/\/images.ohmyhosting.se\/4RKM9_E4nGfok1vFE5ks0i8CEUU=\/1220x1189\/smart\/filters:quality(85)\/https%3A%2F%2Flaplandresorts.se%2F%2Fwp-content%2Fuploads%2Fsites%2F2%2F2026%2F03%2F2025-aretrunt-restaurang-lapporten-mat-perlundstrom.jpg 1220w, https:\/\/images.ohmyhosting.se\/JsoyP0i1XSj_MpIYszqz5ROhSM0=\/1302x1269\/smart\/filters:quality(85)\/https%3A%2F%2Flaplandresorts.se%2F%2Fwp-content%2Fuploads%2Fsites%2F2%2F2026%2F03%2F2025-aretrunt-restaurang-lapporten-mat-perlundstrom.jpg 1302w, https:\/\/images.ohmyhosting.se\/hHhFca5kWVtS0JpTM_5slSC5k4E=\/1384x1348\/smart\/filters:quality(85)\/https%3A%2F%2Flaplandresorts.se%2F%2Fwp-content%2Fuploads%2Fsites%2F2%2F2026%2F03%2F2025-aretrunt-restaurang-lapporten-mat-perlundstrom.jpg 1384w, https:\/\/images.ohmyhosting.se\/q-D-3wuPvX7W9hF5JQPH8aUC1gs=\/1466x1428\/smart\/filters:quality(85)\/https%3A%2F%2Flaplandresorts.se%2F%2Fwp-content%2Fuploads%2Fsites%2F2%2F2026%2F03%2F2025-aretrunt-restaurang-lapporten-mat-perlundstrom.jpg 1466w, https:\/\/images.ohmyhosting.se\/gEzAJFjHENimA4UE4HSOAXizNho=\/1548x1508\/smart\/filters:quality(85)\/https%3A%2F%2Flaplandresorts.se%2F%2Fwp-content%2Fuploads%2Fsites%2F2%2F2026%2F03%2F2025-aretrunt-restaurang-lapporten-mat-perlundstrom.jpg 1548w, https:\/\/images.ohmyhosting.se\/ICO4KJFcFjSyHt2ha3cZ4Tuq9PY=\/1630x1588\/smart\/filters:quality(85)\/https%3A%2F%2Flaplandresorts.se%2F%2Fwp-content%2Fuploads%2Fsites%2F2%2F2026%2F03%2F2025-aretrunt-restaurang-lapporten-mat-perlundstrom.jpg 1630w, https:\/\/images.ohmyhosting.se\/hUB0h64RUmxXzm_bpUCJNq_dV3Y=\/1712x1668\/smart\/filters:quality(85)\/https%3A%2F%2Flaplandresorts.se%2F%2Fwp-content%2Fuploads%2Fsites%2F2%2F2026%2F03%2F2025-aretrunt-restaurang-lapporten-mat-perlundstrom.jpg 1712w, https:\/\/images.ohmyhosting.se\/hnvTfiumo1_J86njua0RAx2i9u4=\/1794x1748\/smart\/filters:quality(85)\/https%3A%2F%2Flaplandresorts.se%2F%2Fwp-content%2Fuploads%2Fsites%2F2%2F2026%2F03%2F2025-aretrunt-restaurang-lapporten-mat-perlundstrom.jpg 1794w, https:\/\/images.ohmyhosting.se\/6oqbSlrVQay5H4JEvbBftmObzrw=\/1876x1828\/smart\/filters:quality(85)\/https%3A%2F%2Flaplandresorts.se%2F%2Fwp-content%2Fuploads%2Fsites%2F2%2F2026%2F03%2F2025-aretrunt-restaurang-lapporten-mat-perlundstrom.jpg 1876w, https:\/\/images.ohmyhosting.se\/_wJ2WuxCcDN6IhRPupmivRNulh8=\/1896x1848\/smart\/filters:quality(85)\/https%3A%2F%2Flaplandresorts.se%2F%2Fwp-content%2Fuploads%2Fsites%2F2%2F2026%2F03%2F2025-aretrunt-restaurang-lapporten-mat-perlundstrom.jpg 1896w\" alt=\"\" class=\"w-full cover-image lazyload\" height=\"924\" width=\"948\" data-src=\"https:\/\/images.ohmyhosting.se\/1690zJ7XbRi9PbCg_QIdHD8wCgY=\/948x924\/smart\/filters:quality(85)\/https%3A%2F%2Flaplandresorts.se%2F%2Fwp-content%2Fuploads%2Fsites%2F2%2F2026%2F03%2F2025-aretrunt-restaurang-lapporten-mat-perlundstrom.jpg\" loading=\"lazy\" \/><\/picture>\n                    <\/div>\n        <div class=\"hero-subpage-column-content\">\n                                    <h1 class=\"fluid-display-03 mb-5 max-w-[10em] text-black-1000\">Loungemeny<\/h1>\n                                <\/div>\n    <\/div>\n    <\/section>\n        \n\n<section  class=\"block-wrapper bg-(--background) color-scheme-light module-spacing-md-top module-spacing-md-bottom site-container\" data-block=\"text-section \">\n            <div class=\"content-container flex flex-col lg:items-center\">\n    <div class=\"w-full lg:max-w-[580px]\">\n            <\/div>\n        <div class=\"lg:max-w-[580px] w-full\">\n        <div class=\"wysiwyg md:max-w-[567px]\">\n            <p>Denna enklare meny med klassiska favoriter kan avnjutas i lounge-delen i restaurangen.<\/p>\n<p><strong>Cheeseburgare &#8211; 199kr<\/strong><\/p>\n<p><span data-contrast=\"auto\">160g n\u00f6tk\u00f6tt, v\u00e5r egen dressing, cheddarost, bifftomat, crispsallad, syrad r\u00f6dl\u00f6k, pommes, chiliaioli dip<br \/>\n<em>G, MP, \u00c4, L<\/em><\/span><em>\u00a0<\/em><\/p>\n<p><strong>Halloumiburgare &#8211;\u00a0185kr\u00a0<\/strong><\/p>\n<p><span data-contrast=\"auto\">120g\u00a0friterad\u00a0halloumi,\u00a0v\u00e5r egen dressing, bifftomat,\u00a0crispsallad, syrad r\u00f6dl\u00f6k, pommes, chiliaioli dip<\/span><span data-ccp-props=\"{&quot;335559739&quot;:0}\"><br \/>\n<em>G, MP, \u00c4,\u00a0L<\/em><\/span><em>\u00a0<\/em><\/p>\n<p><strong>Club sandwich &#8211; 185kr\u00a0<\/strong><\/p>\n<p><span data-contrast=\"auto\">Kyckling, bacon,\u00a0crispsallad,\u00a0bifftomat, chili aioli dip, pommes<\/span><span data-ccp-props=\"{&quot;335559739&quot;:0}\"><br \/>\n<em>G, \u00c4<\/em><\/span><\/p>\n<p><strong>Ceasarsallad\u00a0fr\u00e5n 185kr\u00a0<\/strong><\/p>\n<p><span data-contrast=\"auto\">V\u00e4lj mellan &#8211; kyckling och bacon eller r\u00e4kor <\/span><span data-ccp-props=\"{&quot;335559739&quot;:0}\"><br \/>\n<\/span><span data-contrast=\"auto\">Romansallad,\u00a0ceasardressing, parmesan,\u00a0krutonger<\/span><span data-ccp-props=\"{&quot;335559739&quot;:0}\"><br \/>\n<em>G, \u00c4, MP, F,\u00a0(SK)<\/em><\/span><\/p>\n<p><strong>Skagen (120g) &#8211; 189kr\u00a0<\/strong><\/p>\n<p><span data-contrast=\"auto\">Stekt\u00a0levain,\u00a0picklad\u00a0r\u00f6dl\u00f6k, forellrom, citron<\/span><span data-ccp-props=\"{&quot;335559739&quot;:0}\"><br \/>\n<em>G, \u00c4, F, SK<\/em><\/span><\/p>\n<p><strong>Poke\u00a0bowl\u00a0fr\u00e5n 185kr\u00a0<\/strong><\/p>\n<p><span data-contrast=\"auto\">v\u00e4lj\u00a0mellan kyckling<\/span><b><span data-contrast=\"auto\">\u00a0<\/span><\/b><span data-contrast=\"auto\">r\u00e4kor\u00a0eller\u00a0lax\u00a0<\/span><span data-ccp-props=\"{&quot;335559739&quot;:0}\"><br \/>\n<\/span><span data-contrast=\"auto\">Syrad\u00a0r\u00f6dk\u00e5l, ponzu, avocado,\u00a0ris, mango,\u00a0chiliaioli,\u00a0sesampicklad\u00a0gurka<\/span><span data-ccp-props=\"{&quot;335559739&quot;:0}\"><br \/>\n<em>S, \u00c4,\u00a0SE, (F), (SK)<\/em><\/span><\/p>\n<p><strong>K\u00f6ttbullar &#8211; 189kr\u00a0<\/strong><\/p>\n<p><span data-contrast=\"auto\">K\u00f6ttbullar p\u00e5 n\u00f6tk\u00f6tt,\u00a0potatispure, gr\u00e4dds\u00e5s, lingon, inlagd gurka<\/span><span data-ccp-props=\"{&quot;335559739&quot;:0}\"><br \/>\n<em>MP<\/em><br \/>\n<\/span><\/p>\n<p>&nbsp;<\/p>\n<p>Extra dipp &#8211; 25kr<br \/>\nBacon &#8211; 15kr<br \/>\nExtra protein &#8211; 65kr<\/p>\n<h2><b><span data-contrast=\"auto\">Barnmeny:<\/span><\/b><span data-ccp-props=\"{&quot;335559739&quot;:20}\">\u00a0<\/span><\/h2>\n<p><strong>Barnk\u00f6ttbullar &#8211; 98kr<\/strong><\/p>\n<p><span data-contrast=\"auto\">K\u00f6ttbullar p\u00e5 n\u00f6tk\u00f6tt, potatispure, gr\u00e4dds\u00e5s, lingon, inlagd gurka<br \/>\n<em>MP<\/em>\u00a0<\/span><span data-ccp-props=\"{&quot;335559739&quot;:20}\">\u00a0<\/span><\/p>\n<p><strong>Barnburgare &#8211; 105kr<\/strong><\/p>\n<p><span data-contrast=\"auto\">Serveras med pommes, ketchup och gr\u00f6nsaker p\u00e5 sidan<br \/>\n<em>G\u00a0\u00a0\u00a0<\/em>\u00a0\u00a0\u00a0\u00a0\u00a0\u00a0\u00a0\u00a0\u00a0\u00a0\u00a0\u00a0\u00a0\u00a0\u00a0\u00a0\u00a0\u00a0\u00a0\u00a0\u00a0\u00a0\u00a0\u00a0\u00a0\u00a0\u00a0\u00a0\u00a0\u00a0\u00a0\u00a0\u00a0\u00a0\u00a0\u00a0\u00a0\u00a0\u00a0\u00a0\u00a0\u00a0\u00a0\u00a0\u00a0\u00a0\u00a0\u00a0\u00a0\u00a0\u00a0<\/span><span data-ccp-props=\"{&quot;335559739&quot;:20}\">\u00a0<\/span><\/p>\n<p><strong>Chicken nuggets &#8211; 95kr\u00a0\u00a0\u00a0\u00a0\u00a0<\/strong><span data-ccp-props=\"{&quot;335559739&quot;:20}\">\u00a0<\/span><span data-contrast=\"auto\">\u00a0 \u00a0 \u00a0 \u00a0 \u00a0 \u00a0 <\/span><span data-ccp-props=\"{&quot;335559739&quot;:20}\">\u00a0<\/span><\/p>\n<p><span data-contrast=\"auto\">Serveras med pommes, ketchup och gr\u00f6nsaker p\u00e5 sidan<br \/>\n<em>G\u00a0\u00a0\u00a0\u00a0\u00a0\u00a0\u00a0 \u00a0<\/em> \u00a0 \u00a0 \u00a0 \u00a0 \u00a0 \u00a0 \u00a0 \u00a0 \u00a0 \u00a0 \u00a0 \u00a0 \u00a0 \u00a0 \u00a0 \u00a0 \u00a0 \u00a0 \u00a0 \u00a0 \u00a0 \u00a0 \u00a0 \u00a0 \u00a0 \u00a0 \u00a0 \u00a0 \u00a0\u00a0<\/span><span data-ccp-props=\"{&quot;335559739&quot;:20}\">\u00a0<\/span><\/p>\n<p><strong>Pannkakor &#8211; 85kr\u00a0\u00a0\u00a0<\/strong><span data-ccp-props=\"{&quot;335559739&quot;:20}\">\u00a0<\/span>\u00a0 \u00a0<span data-ccp-props=\"{&quot;335559739&quot;:20}\">\u00a0<\/span><\/p>\n<p><span data-contrast=\"auto\">3st pannkakor, serveras med sylt och gr\u00e4dde<\/span><span data-ccp-props=\"{&quot;335559739&quot;:20}\"><br \/>\n<em>\u00c4, G, MP\u00a0 \u00a0 \u00a0<\/em><br \/>\n<\/span><\/p>\n<p><span data-ccp-props=\"{&quot;335559739&quot;:20}\">\u00a0<\/span><\/p>\n<p><span data-contrast=\"none\">MP=mj\u00f6lkprotein<\/span><span data-ccp-props=\"{&quot;335559739&quot;:20}\"><br \/>\n<\/span><span data-contrast=\"none\">L=laktos<\/span><span data-ccp-props=\"{&quot;335559739&quot;:20}\"><br \/>\n<\/span><span data-contrast=\"none\">\u00c4=\u00e4gg<\/span><span data-ccp-props=\"{&quot;335559739&quot;:20}\"><br \/>\n<\/span><span data-contrast=\"none\">G=gluten<\/span><span data-ccp-props=\"{&quot;335559739&quot;:20}\"><br \/>\n<\/span><span data-contrast=\"none\">F=fisk<\/span><span data-ccp-props=\"{&quot;335559739&quot;:20}\"><br \/>\n<\/span><span data-contrast=\"none\">SK=skaldjur<\/span><span data-ccp-props=\"{&quot;335559739&quot;:20}\"><br \/>\n<\/span><span data-contrast=\"none\">S=soja<\/span><span data-ccp-props=\"{&quot;335559739&quot;:20}\"><br \/>\n<\/span><span data-contrast=\"none\">SE=sesam<\/span><span data-ccp-props=\"{&quot;335559739&quot;:20}\">\u00a0<\/span><\/p>\n\n        <\/div>\n    <\/div>\n      <\/div>\n    <\/section>\n","protected":false},"excerpt":{"rendered":"","protected":false},"author":13,"featured_media":0,"parent":10343,"menu_order":0,"comment_status":"closed","ping_status":"closed","template":"","meta":{"_acf_changed":false,"_relevanssi_hide_post":"","_relevanssi_hide_content":"","_relevanssi_pin_for_all":"","_relevanssi_pin_keywords":"","_relevanssi_unpin_keywords":"","_relevanssi_related_keywords":"","_relevanssi_related_include_ids":"","_relevanssi_related_exclude_ids":"","_relevanssi_related_no_append":"","_relevanssi_related_not_related":"","_relevanssi_related_posts":"","_relevanssi_noindex_reason":"","footnotes":""},"class_list":["post-13005","page","type-page","status-publish","hentry"],"acf":[],"_links":{"self":[{"href":"https:\/\/bjorkliden.com\/en\/wp-json\/wp\/v2\/pages\/13005","targetHints":{"allow":["GET"]}}],"collection":[{"href":"https:\/\/bjorkliden.com\/en\/wp-json\/wp\/v2\/pages"}],"about":[{"href":"https:\/\/bjorkliden.com\/en\/wp-json\/wp\/v2\/types\/page"}],"author":[{"embeddable":true,"href":"https:\/\/bjorkliden.com\/en\/wp-json\/wp\/v2\/users\/13"}],"replies":[{"embeddable":true,"href":"https:\/\/bjorkliden.com\/en\/wp-json\/wp\/v2\/comments?post=13005"}],"version-history":[{"count":17,"href":"https:\/\/bjorkliden.com\/en\/wp-json\/wp\/v2\/pages\/13005\/revisions"}],"predecessor-version":[{"id":13101,"href":"https:\/\/bjorkliden.com\/en\/wp-json\/wp\/v2\/pages\/13005\/revisions\/13101"}],"up":[{"embeddable":true,"href":"https:\/\/bjorkliden.com\/en\/wp-json\/wp\/v2\/pages\/10343"}],"wp:attachment":[{"href":"https:\/\/bjorkliden.com\/en\/wp-json\/wp\/v2\/media?parent=13005"}],"curies":[{"name":"wp","href":"https:\/\/api.w.org\/{rel}","templated":true}]}}