{"id":13290,"date":"2026-03-24T08:51:28","date_gmt":"2026-03-24T07:51:28","guid":{"rendered":"https:\/\/bjorkliden.com\/?page_id=13290"},"modified":"2026-03-25T10:31:22","modified_gmt":"2026-03-25T09:31:22","slug":"bamm-program-2026","status":"publish","type":"page","link":"https:\/\/bjorkliden.com\/en\/experiences\/events\/competitions\/bamm-supported-by-omm\/bamm-program-2026\/","title":{"rendered":"BAMM Program 2026"},"content":{"rendered":"<section  class=\"acf-hero-subpage-block variant-columns block-wrapper bg-(--background) color-scheme-light module-spacing-md-top module-spacing-md-bottom\" data-block=\"hero-subpage-columns \">\n            <div class=\"hero-subpage-columns content-container relative image-left has-illustration\">\n                <div class=\"hero-subpage-column-image\">\n                                        <div class=\"illustration-wrapper\">\n                    <div class=\"hero-columns-illustration-bg absolute top-14 md:top-24 lg:top-8 xl:top-12 2xl:top-20 bottom-0 left-0 w-full max-w-240 overflow-hidden\">\n    <svg class=\"block w-full h-auto stroke-(--text-primary)\" viewBox=\"0 0 797 797\">\n        <defs>\n            <pattern id=\"HeroColumnPattern\" x=\"0\" y=\"-.08\" width=\".077\" height=\"0.077\">\n                <path d=\"M30.2 25.8v9M25.8 30.2h9\" stroke-width=\"1\"\/>\n            <\/pattern>\n        <\/defs>\n        <rect fill=\"url(#HeroColumnPattern)\" width=\"797\" height=\"797\" stroke=\"none\"\/>\n    <\/svg>\n<\/div>\n<svg class=\"hero-columns-illustration-fg absolute size-17.25! md:size-27! xl:size-32.5! z-10 fill-(--icon-brand) block w-full h-full\" viewBox=\"0 0 26 24\" fill=\"currentColor\">\n    <path d=\"M20.1396 12.3493C20.0242 12.1502 20.0559 11.8988 20.2171 11.7343C20.6476 11.2947 21.0085 10.8483 21.0085 10.8483L19.7532 9.86038C19.7532 9.86038 19.6997 9.93021 19.6061 10.043C19.3762 10.3187 18.9405 10.283 18.7606 9.97262L13 0.0488281L7.24152 9.97003C7.06264 10.2783 6.63 10.3166 6.39912 10.044C6.32008 9.95038 6.2686 9.88779 6.2686 9.88779L5.01696 10.8809C5.01696 10.8809 5.28944 11.244 5.77668 11.7318C5.94152 11.8962 5.97532 12.1502 5.85832 12.3514L0.052002 22.3564H11.6828C11.9678 22.3564 12.1992 22.5866 12.1992 22.87V23.9506H13.8003V22.87C13.8003 22.5866 14.0317 22.3564 14.3166 22.3564H25.948L20.1396 12.3493ZM12.1997 20.2502C12.1997 20.5337 11.9683 20.7638 11.6834 20.7638H3.71904C3.32176 20.7638 3.0732 20.3356 3.27184 19.9931L7.05588 13.4733C7.20096 13.2235 7.52284 13.1433 7.7714 13.2918C8.98196 14.0149 10.3381 14.4783 11.7463 14.6511C12.0047 14.6826 12.1992 14.9014 12.1992 15.1606V20.2502H12.1997ZM13 13.1381C11.415 13.1381 9.88936 12.713 8.554 11.9035C8.31324 11.7576 8.2316 11.4488 8.37252 11.2057L12.5528 4.00366C12.7514 3.66124 13.2486 3.66124 13.4472 4.00366L17.6275 11.2057C17.7684 11.4483 17.6868 11.7571 17.446 11.9035C16.1112 12.713 14.585 13.1381 13 13.1381ZM22.2804 20.7638H14.3166C14.0317 20.7638 13.8003 20.5337 13.8003 20.2502V15.1606C13.8003 14.9014 13.9942 14.6826 14.2532 14.6511C15.6614 14.4788 17.0175 14.0149 18.2281 13.2923C18.4766 13.1438 18.799 13.224 18.9436 13.4738L22.7276 19.9931C22.9263 20.3356 22.6777 20.7638 22.2804 20.7638Z\"\/>\n<\/svg>                <\/div>\n                                    <picture class=\"w-full illustration-image\"><img srcset=\"https:\/\/images.ohmyhosting.se\/B_vYgZ2TXysDrr3Yqs30jjs9lXI=\/200x200\/smart\/filters:quality(85)\/https%3A%2F%2Flaplandresorts.se%2F%2Fwp-content%2Fuploads%2Fsites%2F2%2F2026%2F02%2Fnamnlost-24-webb-1555256.jpg 200w, https:\/\/images.ohmyhosting.se\/yJ6wjZEAumKMtDFflc_IHCsF__w=\/241x241\/smart\/filters:quality(85)\/https%3A%2F%2Flaplandresorts.se%2F%2Fwp-content%2Fuploads%2Fsites%2F2%2F2026%2F02%2Fnamnlost-24-webb-1555256.jpg 241w, https:\/\/images.ohmyhosting.se\/zMDlekEql_qYshDi2SIaWKPBFLs=\/282x282\/smart\/filters:quality(85)\/https%3A%2F%2Flaplandresorts.se%2F%2Fwp-content%2Fuploads%2Fsites%2F2%2F2026%2F02%2Fnamnlost-24-webb-1555256.jpg 282w, https:\/\/images.ohmyhosting.se\/4WNtQmuNMCJni0cIEkxTu2Z85X0=\/323x323\/smart\/filters:quality(85)\/https%3A%2F%2Flaplandresorts.se%2F%2Fwp-content%2Fuploads%2Fsites%2F2%2F2026%2F02%2Fnamnlost-24-webb-1555256.jpg 323w, https:\/\/images.ohmyhosting.se\/6YnVglmCRmUqqnFAIjhy0DKlSlA=\/364x364\/smart\/filters:quality(85)\/https%3A%2F%2Flaplandresorts.se%2F%2Fwp-content%2Fuploads%2Fsites%2F2%2F2026%2F02%2Fnamnlost-24-webb-1555256.jpg 364w, https:\/\/images.ohmyhosting.se\/dz3pZkuVLksyKdC-10H9Nzj27-M=\/400x400\/smart\/filters:quality(85)\/https%3A%2F%2Flaplandresorts.se%2F%2Fwp-content%2Fuploads%2Fsites%2F2%2F2026%2F02%2Fnamnlost-24-webb-1555256.jpg 400w, https:\/\/images.ohmyhosting.se\/KX0tp_O5O-V8odPy4_nSUW-3BaM=\/405x405\/smart\/filters:quality(85)\/https%3A%2F%2Flaplandresorts.se%2F%2Fwp-content%2Fuploads%2Fsites%2F2%2F2026%2F02%2Fnamnlost-24-webb-1555256.jpg 405w, https:\/\/images.ohmyhosting.se\/z_cQhat83NCbd14ALni5Znjx9bA=\/446x446\/smart\/filters:quality(85)\/https%3A%2F%2Flaplandresorts.se%2F%2Fwp-content%2Fuploads%2Fsites%2F2%2F2026%2F02%2Fnamnlost-24-webb-1555256.jpg 446w, https:\/\/images.ohmyhosting.se\/rrLg51UFe-WOX9Rj2BL1kC7m8qM=\/482x482\/smart\/filters:quality(85)\/https%3A%2F%2Flaplandresorts.se%2F%2Fwp-content%2Fuploads%2Fsites%2F2%2F2026%2F02%2Fnamnlost-24-webb-1555256.jpg 482w, https:\/\/images.ohmyhosting.se\/VEeI6qLfc_HMwqjPEbh_3mvHj60=\/487x487\/smart\/filters:quality(85)\/https%3A%2F%2Flaplandresorts.se%2F%2Fwp-content%2Fuploads%2Fsites%2F2%2F2026%2F02%2Fnamnlost-24-webb-1555256.jpg 487w, https:\/\/images.ohmyhosting.se\/eCQg5WZ0AUByvnv3MeG039rA00Y=\/528x528\/smart\/filters:quality(85)\/https%3A%2F%2Flaplandresorts.se%2F%2Fwp-content%2Fuploads%2Fsites%2F2%2F2026%2F02%2Fnamnlost-24-webb-1555256.jpg 528w, https:\/\/images.ohmyhosting.se\/q1luL1AG7baQxm-gJounZbf-Zik=\/564x564\/smart\/filters:quality(85)\/https%3A%2F%2Flaplandresorts.se%2F%2Fwp-content%2Fuploads%2Fsites%2F2%2F2026%2F02%2Fnamnlost-24-webb-1555256.jpg 564w, https:\/\/images.ohmyhosting.se\/4i3CgD2n5c57TQDtfYmLpwfp9WA=\/569x569\/smart\/filters:quality(85)\/https%3A%2F%2Flaplandresorts.se%2F%2Fwp-content%2Fuploads%2Fsites%2F2%2F2026%2F02%2Fnamnlost-24-webb-1555256.jpg 569w, https:\/\/images.ohmyhosting.se\/F9qkkWo3DWurwb4fwzWopFhs0L4=\/610x610\/smart\/filters:quality(85)\/https%3A%2F%2Flaplandresorts.se%2F%2Fwp-content%2Fuploads%2Fsites%2F2%2F2026%2F02%2Fnamnlost-24-webb-1555256.jpg 610w, https:\/\/images.ohmyhosting.se\/FGpzx2zsrcop_hw2MHlwKVpht6Y=\/646x646\/smart\/filters:quality(85)\/https%3A%2F%2Flaplandresorts.se%2F%2Fwp-content%2Fuploads%2Fsites%2F2%2F2026%2F02%2Fnamnlost-24-webb-1555256.jpg 646w, https:\/\/images.ohmyhosting.se\/i6lP43LWTz7T8mONI2-uiq5iX_s=\/651x651\/smart\/filters:quality(85)\/https%3A%2F%2Flaplandresorts.se%2F%2Fwp-content%2Fuploads%2Fsites%2F2%2F2026%2F02%2Fnamnlost-24-webb-1555256.jpg 651w, https:\/\/images.ohmyhosting.se\/7vMchC9Y8J6-O5msqVAHLy39TgA=\/692x692\/smart\/filters:quality(85)\/https%3A%2F%2Flaplandresorts.se%2F%2Fwp-content%2Fuploads%2Fsites%2F2%2F2026%2F02%2Fnamnlost-24-webb-1555256.jpg 692w, https:\/\/images.ohmyhosting.se\/3kVZMyrb22AiEoIlszMqY9p-zwE=\/728x728\/smart\/filters:quality(85)\/https%3A%2F%2Flaplandresorts.se%2F%2Fwp-content%2Fuploads%2Fsites%2F2%2F2026%2F02%2Fnamnlost-24-webb-1555256.jpg 728w, https:\/\/images.ohmyhosting.se\/r1cPGul7imiZB49hBDPybaAhTXA=\/733x733\/smart\/filters:quality(85)\/https%3A%2F%2Flaplandresorts.se%2F%2Fwp-content%2Fuploads%2Fsites%2F2%2F2026%2F02%2Fnamnlost-24-webb-1555256.jpg 733w, https:\/\/images.ohmyhosting.se\/jbl4id2PBWDfPCP7PkcS1CIxInE=\/774x774\/smart\/filters:quality(85)\/https%3A%2F%2Flaplandresorts.se%2F%2Fwp-content%2Fuploads%2Fsites%2F2%2F2026%2F02%2Fnamnlost-24-webb-1555256.jpg 774w, https:\/\/images.ohmyhosting.se\/oU2Nz8GjHKZw_e2P_vID04hxMiM=\/797x797\/smart\/filters:quality(85)\/https%3A%2F%2Flaplandresorts.se%2F%2Fwp-content%2Fuploads%2Fsites%2F2%2F2026%2F02%2Fnamnlost-24-webb-1555256.jpg 797w, https:\/\/images.ohmyhosting.se\/Dk0GgIFNTVtYxa2Qj-85hjrV7p4=\/810x810\/smart\/filters:quality(85)\/https%3A%2F%2Flaplandresorts.se%2F%2Fwp-content%2Fuploads%2Fsites%2F2%2F2026%2F02%2Fnamnlost-24-webb-1555256.jpg 810w, https:\/\/images.ohmyhosting.se\/f3_tSCYpaCtf0R6P6Vv9jTOn8pM=\/892x892\/smart\/filters:quality(85)\/https%3A%2F%2Flaplandresorts.se%2F%2Fwp-content%2Fuploads%2Fsites%2F2%2F2026%2F02%2Fnamnlost-24-webb-1555256.jpg 892w, https:\/\/images.ohmyhosting.se\/Y8XuSeuKfZwJiD43uMS_3FjfHmY=\/974x974\/smart\/filters:quality(85)\/https%3A%2F%2Flaplandresorts.se%2F%2Fwp-content%2Fuploads%2Fsites%2F2%2F2026%2F02%2Fnamnlost-24-webb-1555256.jpg 974w, https:\/\/images.ohmyhosting.se\/YuiFu4Mr2yk5XS6UnuMdpT-_CiI=\/1056x1056\/smart\/filters:quality(85)\/https%3A%2F%2Flaplandresorts.se%2F%2Fwp-content%2Fuploads%2Fsites%2F2%2F2026%2F02%2Fnamnlost-24-webb-1555256.jpg 1056w, https:\/\/images.ohmyhosting.se\/w69085iTZ67g2MIOZljljBmirnM=\/1138x1138\/smart\/filters:quality(85)\/https%3A%2F%2Flaplandresorts.se%2F%2Fwp-content%2Fuploads%2Fsites%2F2%2F2026%2F02%2Fnamnlost-24-webb-1555256.jpg 1138w, https:\/\/images.ohmyhosting.se\/9mOPXwXbVEpboXNQJhI5DmvBMc4=\/1220x1220\/smart\/filters:quality(85)\/https%3A%2F%2Flaplandresorts.se%2F%2Fwp-content%2Fuploads%2Fsites%2F2%2F2026%2F02%2Fnamnlost-24-webb-1555256.jpg 1220w, https:\/\/images.ohmyhosting.se\/uwdX0fYyWIRIlD_bTN9F1LXsw4U=\/1302x1302\/smart\/filters:quality(85)\/https%3A%2F%2Flaplandresorts.se%2F%2Fwp-content%2Fuploads%2Fsites%2F2%2F2026%2F02%2Fnamnlost-24-webb-1555256.jpg 1302w, https:\/\/images.ohmyhosting.se\/g5yQ8EhGqP9Hcrz3uh5H2ZluwuE=\/1384x1384\/smart\/filters:quality(85)\/https%3A%2F%2Flaplandresorts.se%2F%2Fwp-content%2Fuploads%2Fsites%2F2%2F2026%2F02%2Fnamnlost-24-webb-1555256.jpg 1384w, https:\/\/images.ohmyhosting.se\/TYnTU33xQBkdIO0_gcCuiKWrvTY=\/1466x1466\/smart\/filters:quality(85)\/https%3A%2F%2Flaplandresorts.se%2F%2Fwp-content%2Fuploads%2Fsites%2F2%2F2026%2F02%2Fnamnlost-24-webb-1555256.jpg 1466w, https:\/\/images.ohmyhosting.se\/mYRCWt4pd4JMLbchynnOJQv4HZ0=\/1548x1548\/smart\/filters:quality(85)\/https%3A%2F%2Flaplandresorts.se%2F%2Fwp-content%2Fuploads%2Fsites%2F2%2F2026%2F02%2Fnamnlost-24-webb-1555256.jpg 1548w, https:\/\/images.ohmyhosting.se\/5Qhk-VWpHtQC55sLMczvhIqgXWk=\/1594x1594\/smart\/filters:quality(85)\/https%3A%2F%2Flaplandresorts.se%2F%2Fwp-content%2Fuploads%2Fsites%2F2%2F2026%2F02%2Fnamnlost-24-webb-1555256.jpg 1594w\" alt=\"\" class=\"w-full cover-image lazyload\" height=\"797\" width=\"797\" data-src=\"https:\/\/images.ohmyhosting.se\/oU2Nz8GjHKZw_e2P_vID04hxMiM=\/797x797\/smart\/filters:quality(85)\/https%3A%2F%2Flaplandresorts.se%2F%2Fwp-content%2Fuploads%2Fsites%2F2%2F2026%2F02%2Fnamnlost-24-webb-1555256.jpg\" loading=\"lazy\" \/><\/picture>\n                                    <\/div>\n        <div class=\"hero-subpage-column-content\">\n                        <div class=\"flex gap-x-2\"> <svg class=\"text-(--icon-brand) block size-4 shrink-0\" viewBox=\"0 0 16 16\" fill=\"currentColor\" aria-hidden=\"true\">\n    <path d=\"M15.68 6.87982H10.72C9.83681 6.87982 9.12001 6.16302 9.12001 5.27982V0.319824H6.88001V5.27982C6.88001 6.16302 6.16321 6.87982 5.28001 6.87982H0.320007V9.11982H5.28001C6.16321 9.11982 6.88001 9.83663 6.88001 10.7198V15.6798H9.12001V10.7198C9.12001 9.83663 9.83681 9.11982 10.72 9.11982H15.68V6.87982Z\"\/>\n<\/svg>\n                <p class=\"overline-text mb-3 lg:mb-4 text-black-1000\">BAMM presented by OMM <\/p>\n            <\/div>\n                                    <h1 class=\"fluid-display-03 mb-5 max-w-[10em] text-black-1000\">Program 2026 &#8211; 13 till 16 augusti.<\/h1>\n                                <\/div>\n    <\/div>\n    <\/section>\n        \n\n<section  class=\"block-wrapper bg-(--background) color-scheme-light module-spacing-md-top module-spacing-md-bottom site-container\" data-block=\"text-section \">\n            <div class=\"content-container flex flex-col lg:flex-row lg:gap-x-36.25 xl:gap-x-43.75\">\n    <div class=\"w-full lg:max-w-[340px] xl:max-w-[430px]\">\n                    <h2 class=\"fluid-heading-05 mb-6 text-(--text-primary)\">Torsdag 13 augusti<\/h2>\n            <\/div>\n        <div class=\"lg:max-w-[580px] w-full flex flex-col items-end lg:items-start\">\n        <div class=\"wysiwyg wysiwyg--column md:max-w-[470px]\">\n            <p class=\"p2\"><strong>11.00<\/strong>\u00a0| Hotellet i Riksgr\u00e4nsen \u00f6ppnar.<\/p>\n<p><strong>11.00 \u2013 23.00\u00a0<\/strong>\u00a0| Reception \u00d6ppen<\/p>\n<p class=\"p2\"><strong>11.30 \u2013 14.30<\/strong>\u00a0| Lunchbuff\u00e9<br \/>\n<em>Restaurang Lapplandia<\/em><\/p>\n<p><strong>15.30\u00a0<\/strong>\u00a0| Transferbuss fr\u00e5n Kiruna Flygplats anl\u00e4nder (Cirkatid)<strong>\u00a0\u2013 Prel<\/strong><br \/>\n<em>Hotell Riksgr\u00e4nsen<\/em><\/p>\n<p class=\"p2\"><strong>11.00 \u2013 21.00<\/strong>\u00a0| Sportshop \u00f6ppen<\/p>\n<p class=\"p2\"><strong>12.00 \u2013 22.00<\/strong>\u00a0| Lobbybar \u00f6ppen<\/p>\n<p class=\"p2\"><strong>15.00 \u2013 21.00<\/strong>\u00a0| T\u00e4vlingskansliet \u00f6ppet samt BAMM 30 utrustningss\u00e4ckar l\u00e4mnas p\u00e5 anvisad plats utanf\u00f6r hotell Riksgr\u00e4nsen.<br \/>\n<em>Plats: Bl\u00e5 rummet<\/em><\/p>\n<p><strong>17.00 \u2013 17.30<\/strong>\u00a0| L\u00e4r dig navigera med Silva<br \/>\n<em>Biblioteket<\/em><\/p>\n<p><strong>17.30 \u2013 18.00<\/strong>\u00a0| Kl\u00e4 dig r\u00e4tt under loppet med OMM<br \/>\n<em>R\u00e5tjuvare<\/em><\/p>\n<p class=\"p2\"><strong>17.30 \u2013 19.00<\/strong>\u00a0| Uppladdningsmiddag BAMM 30<br \/>\n<em>Restaurang Lapplandia<\/em><\/p>\n<p><strong>19.00 \u2013 21.00<\/strong>\u00a0| Uppladdningsmiddag BAMM 50 &amp;70<br \/>\n<em>Restaurang Lapplandia<\/em><\/p>\n<p><strong>19.00 \u2013 19.30<\/strong>\u00a0| T\u00e4vlingsm\u00f6te (ej obligatoriskt)<br \/>\n<em>Restaurang Gr\u00f6nan<\/em><\/p>\n<p class=\"p2\"><strong>20.00 \u2013 20.30<\/strong>\u00a0| M\u00f6jligheten att st\u00e4lla fr\u00e5gor om utrustning, orientering, n\u00e4ring osv.<br \/>\n<em>Plats: Bl\u00e5 Rummet.<\/em><\/p>\n<p><strong>21.00\u00a0<\/strong>| BAMM 30 utrustningss\u00e4ckar l\u00e4mnas p\u00e5 anvisad plats<strong>\u00a0(senast)<\/strong><br \/>\n<em>Plats: Utanf\u00f6r Hotell Riksgr\u00e4nsen.<\/em><\/p>\n\n        <\/div>\n    <\/div>\n      <\/div>\n    <\/section>\n\n\n<section  class=\"block-wrapper bg-(--background) color-scheme-light module-spacing-md-top module-spacing-md-bottom site-container\" data-block=\"text-section \">\n            <div class=\"content-container flex flex-col lg:flex-row lg:gap-x-36.25 xl:gap-x-43.75\">\n    <div class=\"w-full lg:max-w-[340px] xl:max-w-[430px]\">\n                    <h2 class=\"fluid-heading-05 mb-6 text-(--text-primary)\">Fredag 14 augusti<\/h2>\n            <\/div>\n        <div class=\"lg:max-w-[580px] w-full flex flex-col items-end lg:items-start\">\n        <div class=\"wysiwyg wysiwyg--column md:max-w-[470px]\">\n            <p class=\"p2\"><strong>06.00 \u2013 09.00<\/strong>\u00a0| Frukost \u00f6ppen<br \/>\n<em>Restaurang Lapplandia<\/em><\/p>\n<p><strong>06.00 \u2013 23.00<\/strong>\u00a0| Reception \u00d6ppen<\/p>\n<p><strong>07.00 \u2013 09.00<\/strong>\u00a0| Utl\u00e4mning av kartor dag 1<br \/>\n<em>Receptionen<\/em><\/p>\n<p class=\"p2\"><strong>07.30<\/strong><span class=\"s2\"><strong>\u00a0\u2013 09.00<\/strong>\u00a0|\u00a0<\/span>Sportshop \u00f6ppen<\/p>\n<p class=\"p2\"><strong>09.00<\/strong>\u00a0| Gemensam start BAMM 30, 50 och 70.<\/p>\n<p class=\"p2\"><strong>11.30 \u2013 13.00<\/strong>\u00a0| Sportshop \u00f6ppen<\/p>\n<p><strong>12.00 \u2013 23.00<\/strong>\u00a0|Lobbybaren \u00f6ppen. (Lunchservering)<\/p>\n<p class=\"p2\"><strong>18.00<\/strong>\u00a0| Uth\u00e4mtning kartor f\u00f6r dag 2 i nattl\u00e4gret.<\/p>\n<p class=\"p2\"><strong>18.00 \u2013 20.00<\/strong>\u00a0| Restaurang Lapplandia \u00f6ppen<\/p>\n\n        <\/div>\n    <\/div>\n      <\/div>\n    <\/section>\n\n\n<section  class=\"block-wrapper bg-(--background) color-scheme-light module-spacing-md-top module-spacing-md-bottom site-container\" data-block=\"text-section \">\n            <div class=\"content-container flex flex-col lg:flex-row lg:gap-x-36.25 xl:gap-x-43.75\">\n    <div class=\"w-full lg:max-w-[340px] xl:max-w-[430px]\">\n                    <h2 class=\"fluid-heading-05 mb-6 text-(--text-primary)\">L\u00f6rdag 15 augusti<\/h2>\n            <\/div>\n        <div class=\"lg:max-w-[580px] w-full flex flex-col items-end lg:items-start\">\n        <div class=\"wysiwyg wysiwyg--column md:max-w-[470px]\">\n            <p class=\"p2\"><strong>07.00<span class=\"s2\">\u00a0\u2013 09.00<\/span><\/strong>\u00a0| Frukost \u00f6ppen<br \/>\n<em>Restaurang Lapplandia<\/em><\/p>\n<p><strong>07.00 \u2013 01.00<\/strong>\u00a0| Reception \u00f6ppen<\/p>\n<p class=\"p2\"><strong>07.30 \u2013 08.00 |<\/strong>\u00a0F\u00f6rsta start jaktstart BAMM 50 &amp; 70<\/p>\n<p class=\"p2\"><strong>08.10<\/strong>\u00a0| Masstart f\u00f6r BAMM 50 &amp; 70 lag<\/p>\n<p class=\"p2\"><strong>08.30-09.00<\/strong>\u00a0| F\u00f6rsta start jaktstart BAMM 30<\/p>\n<p class=\"p2\"><strong>09.10<\/strong>\u00a0| Masstart f\u00f6r BAMM 30 lag<\/p>\n<p class=\"p2\"><strong>09.00 \u2013 18.00<\/strong>\u00a0| Sportshop \u00f6ppen<\/p>\n<p><strong>11.30 \u2013 17.00<\/strong>\u00a0| Grill-lunch vid Restaurang Lappis. G\u00e5r \u00e4ven att k\u00f6pa lunch f\u00f6r \u00e5sk\u00e5dare.<\/p>\n<p class=\"p2\"><strong>11.00 \u2013 c:a 19.00<\/strong>\u00a0| M\u00e5lg\u00e5ng BAMM 30, 50 &amp; 70 i Riksgr\u00e4nsen<\/p>\n<p class=\"p2\"><strong>11.00 \u2013 01.00<\/strong>\u00a0| Lobbybaren \u00f6ppen<\/p>\n<p><strong>15.00 \u2013 16.00<\/strong>\u00a0| Livemusik<br \/>\nPlats: Lobbybaren (I m\u00e5lomr\u00e5det vid fint v\u00e4der)<\/p>\n<p><strong>16.00<\/strong>\u00a0| Prisutdelning BAMM 2024<br \/>\nPlats: M\u00e5lomr\u00e5det (vid regn i Lobbybaren)<\/p>\n<p class=\"p2\"><strong>17.00 \u2013 19.00<\/strong>\u00a0| BAMMketten BAMM 30<br \/>\n<em>Plats: Restaurang Lapplandia<\/em><\/p>\n<p><strong>19.00 \u2013 21.00<\/strong>\u00a0| BAMMketten BAMM 50 &amp; 70<br \/>\n<em>Plats: Restaurang Lapplandia<\/em><\/p>\n<p><strong>21.00 \u2013 22.00<\/strong>\u00a0| Livemusik<br \/>\nPlats: Lobbybaren<\/p>\n\n        <\/div>\n    <\/div>\n      <\/div>\n    <\/section>\n\n\n<section  class=\"block-wrapper bg-(--background) color-scheme-light module-spacing-md-top module-spacing-md-bottom site-container\" data-block=\"text-section \">\n            <div class=\"content-container flex flex-col lg:flex-row lg:gap-x-36.25 xl:gap-x-43.75\">\n    <div class=\"w-full lg:max-w-[340px] xl:max-w-[430px]\">\n                    <h2 class=\"fluid-heading-05 mb-6 text-(--text-primary)\">S\u00f6ndag 16 augusti<\/h2>\n            <\/div>\n        <div class=\"lg:max-w-[580px] w-full flex flex-col items-end lg:items-start\">\n        <div class=\"wysiwyg wysiwyg--column md:max-w-[470px]\">\n            <p class=\"p2\"><strong>07.00 \u2013 10.30<\/strong>\u00a0| Frukostmatsalen \u00f6ppen<br \/>\n<em>Restaurang Lapplandia<\/em><\/p>\n<p class=\"p2\"><strong>07.00 \u2013 12.00 |<\/strong>\u00a0Reception \u00d6ppen<\/p>\n<p class=\"p2\"><strong>10.30<\/strong>\u00a0| Busstransfer till Kiruna Flygplats\u00a0<strong>-prel*<\/strong><br \/>\n<a href=\"https:\/\/lapland-resorts.rezdy.com\/623403\/bamm-2024-transfer-riksgr-nsen-kiruna-flygplats-s-ndag-18-augusti-3643-360?_gl=1*1bw43fv*_ga*MjU0NTYyODczLjE2NTIxNzA1MDI.*_ga_94D3LKCEHC*MTcxNjUzMzcyMC4xNjEuMS4xNzE2NTM1ODgyLjU5LjAuMA..\">Boka din transfer h\u00e4r<\/a>. Begr\u00e4nsat antal platser.<\/p>\n<p class=\"p2\"><strong>09.30 \u2013 12.00 |<\/strong>\u00a0Lobbybar \u00f6ppet<\/p>\n<p class=\"p2\"><strong>09.00 \u2013 12.00<\/strong>\u00a0| Sportshopen har \u00f6ppet<\/p>\n<p class=\"p2\"><strong>12.00<\/strong>\u00a0| Hotell Riksgr\u00e4nsen st\u00e4nger<\/p>\n\n        <\/div>\n    <\/div>\n      <\/div>\n    <\/section>\n","protected":false},"excerpt":{"rendered":"","protected":false},"author":13,"featured_media":12077,"parent":12052,"menu_order":0,"comment_status":"closed","ping_status":"closed","template":"","meta":{"_acf_changed":false,"_relevanssi_hide_post":"","_relevanssi_hide_content":"","_relevanssi_pin_for_all":"","_relevanssi_pin_keywords":"","_relevanssi_unpin_keywords":"","_relevanssi_related_keywords":"","_relevanssi_related_include_ids":"","_relevanssi_related_exclude_ids":"","_relevanssi_related_no_append":"","_relevanssi_related_not_related":"","_relevanssi_related_posts":"","_relevanssi_noindex_reason":"","footnotes":""},"class_list":["post-13290","page","type-page","status-publish","has-post-thumbnail","hentry"],"acf":[],"_links":{"self":[{"href":"https:\/\/bjorkliden.com\/en\/wp-json\/wp\/v2\/pages\/13290","targetHints":{"allow":["GET"]}}],"collection":[{"href":"https:\/\/bjorkliden.com\/en\/wp-json\/wp\/v2\/pages"}],"about":[{"href":"https:\/\/bjorkliden.com\/en\/wp-json\/wp\/v2\/types\/page"}],"author":[{"embeddable":true,"href":"https:\/\/bjorkliden.com\/en\/wp-json\/wp\/v2\/users\/13"}],"replies":[{"embeddable":true,"href":"https:\/\/bjorkliden.com\/en\/wp-json\/wp\/v2\/comments?post=13290"}],"version-history":[{"count":9,"href":"https:\/\/bjorkliden.com\/en\/wp-json\/wp\/v2\/pages\/13290\/revisions"}],"predecessor-version":[{"id":13350,"href":"https:\/\/bjorkliden.com\/en\/wp-json\/wp\/v2\/pages\/13290\/revisions\/13350"}],"up":[{"embeddable":true,"href":"https:\/\/bjorkliden.com\/en\/wp-json\/wp\/v2\/pages\/12052"}],"wp:featuredmedia":[{"embeddable":true,"href":"https:\/\/bjorkliden.com\/en\/wp-json\/wp\/v2\/media\/12077"}],"wp:attachment":[{"href":"https:\/\/bjorkliden.com\/en\/wp-json\/wp\/v2\/media?parent=13290"}],"curies":[{"name":"wp","href":"https:\/\/api.w.org\/{rel}","templated":true}]}}