{"id":13608,"date":"2026-04-15T16:45:16","date_gmt":"2026-04-15T14:45:16","guid":{"rendered":"https:\/\/bjorkliden.com\/?page_id=13608"},"modified":"2026-04-15T16:45:50","modified_gmt":"2026-04-15T14:45:50","slug":"lowly-class","status":"publish","type":"page","link":"https:\/\/bjorkliden.com\/en\/experiences\/events\/competitions\/bamm-supported-by-omm\/contact-qa\/lowly-class\/","title":{"rendered":"lowly class"},"content":{"rendered":"<section  class=\"acf-hero-subpage-block variant-columns block-wrapper bg-(--background) color-scheme-light module-spacing-md-top module-spacing-md-bottom\" data-block=\"hero-subpage-columns \">\n            <div class=\"hero-subpage-columns content-container relative image-left has-illustration\">\n                <div class=\"hero-subpage-column-image\">\n                                        <div class=\"illustration-wrapper\">\n                    <div class=\"hero-columns-illustration-bg absolute top-14 md:top-24 lg:top-8 xl:top-12 2xl:top-20 bottom-0 left-0 w-full max-w-240 overflow-hidden\">\n    <svg class=\"block w-full h-auto stroke-(--text-primary)\" viewBox=\"0 0 797 797\">\n        <defs>\n            <pattern id=\"HeroColumnPattern\" x=\"0\" y=\"-.08\" width=\".077\" height=\"0.077\">\n                <path d=\"M30.2 25.8v9M25.8 30.2h9\" stroke-width=\"1\"\/>\n            <\/pattern>\n        <\/defs>\n        <rect fill=\"url(#HeroColumnPattern)\" width=\"797\" height=\"797\" stroke=\"none\"\/>\n    <\/svg>\n<\/div>\n<svg class=\"hero-columns-illustration-fg absolute size-17.25! md:size-27! xl:size-32.5! z-10 fill-(--icon-brand) block w-full h-full\" viewBox=\"0 0 26 24\" fill=\"currentColor\">\n    <path d=\"M20.1396 12.3493C20.0242 12.1502 20.0559 11.8988 20.2171 11.7343C20.6476 11.2947 21.0085 10.8483 21.0085 10.8483L19.7532 9.86038C19.7532 9.86038 19.6997 9.93021 19.6061 10.043C19.3762 10.3187 18.9405 10.283 18.7606 9.97262L13 0.0488281L7.24152 9.97003C7.06264 10.2783 6.63 10.3166 6.39912 10.044C6.32008 9.95038 6.2686 9.88779 6.2686 9.88779L5.01696 10.8809C5.01696 10.8809 5.28944 11.244 5.77668 11.7318C5.94152 11.8962 5.97532 12.1502 5.85832 12.3514L0.052002 22.3564H11.6828C11.9678 22.3564 12.1992 22.5866 12.1992 22.87V23.9506H13.8003V22.87C13.8003 22.5866 14.0317 22.3564 14.3166 22.3564H25.948L20.1396 12.3493ZM12.1997 20.2502C12.1997 20.5337 11.9683 20.7638 11.6834 20.7638H3.71904C3.32176 20.7638 3.0732 20.3356 3.27184 19.9931L7.05588 13.4733C7.20096 13.2235 7.52284 13.1433 7.7714 13.2918C8.98196 14.0149 10.3381 14.4783 11.7463 14.6511C12.0047 14.6826 12.1992 14.9014 12.1992 15.1606V20.2502H12.1997ZM13 13.1381C11.415 13.1381 9.88936 12.713 8.554 11.9035C8.31324 11.7576 8.2316 11.4488 8.37252 11.2057L12.5528 4.00366C12.7514 3.66124 13.2486 3.66124 13.4472 4.00366L17.6275 11.2057C17.7684 11.4483 17.6868 11.7571 17.446 11.9035C16.1112 12.713 14.585 13.1381 13 13.1381ZM22.2804 20.7638H14.3166C14.0317 20.7638 13.8003 20.5337 13.8003 20.2502V15.1606C13.8003 14.9014 13.9942 14.6826 14.2532 14.6511C15.6614 14.4788 17.0175 14.0149 18.2281 13.2923C18.4766 13.1438 18.799 13.224 18.9436 13.4738L22.7276 19.9931C22.9263 20.3356 22.6777 20.7638 22.2804 20.7638Z\"\/>\n<\/svg>                <\/div>\n                                    <picture class=\"w-full illustration-image\"><img srcset=\"https:\/\/images.ohmyhosting.se\/B_vYgZ2TXysDrr3Yqs30jjs9lXI=\/200x200\/smart\/filters:quality(85)\/https%3A%2F%2Flaplandresorts.se%2F%2Fwp-content%2Fuploads%2Fsites%2F2%2F2026%2F02%2Fnamnlost-24-webb-1555256.jpg 200w, https:\/\/images.ohmyhosting.se\/yJ6wjZEAumKMtDFflc_IHCsF__w=\/241x241\/smart\/filters:quality(85)\/https%3A%2F%2Flaplandresorts.se%2F%2Fwp-content%2Fuploads%2Fsites%2F2%2F2026%2F02%2Fnamnlost-24-webb-1555256.jpg 241w, https:\/\/images.ohmyhosting.se\/zMDlekEql_qYshDi2SIaWKPBFLs=\/282x282\/smart\/filters:quality(85)\/https%3A%2F%2Flaplandresorts.se%2F%2Fwp-content%2Fuploads%2Fsites%2F2%2F2026%2F02%2Fnamnlost-24-webb-1555256.jpg 282w, https:\/\/images.ohmyhosting.se\/4WNtQmuNMCJni0cIEkxTu2Z85X0=\/323x323\/smart\/filters:quality(85)\/https%3A%2F%2Flaplandresorts.se%2F%2Fwp-content%2Fuploads%2Fsites%2F2%2F2026%2F02%2Fnamnlost-24-webb-1555256.jpg 323w, https:\/\/images.ohmyhosting.se\/6YnVglmCRmUqqnFAIjhy0DKlSlA=\/364x364\/smart\/filters:quality(85)\/https%3A%2F%2Flaplandresorts.se%2F%2Fwp-content%2Fuploads%2Fsites%2F2%2F2026%2F02%2Fnamnlost-24-webb-1555256.jpg 364w, https:\/\/images.ohmyhosting.se\/dz3pZkuVLksyKdC-10H9Nzj27-M=\/400x400\/smart\/filters:quality(85)\/https%3A%2F%2Flaplandresorts.se%2F%2Fwp-content%2Fuploads%2Fsites%2F2%2F2026%2F02%2Fnamnlost-24-webb-1555256.jpg 400w, https:\/\/images.ohmyhosting.se\/KX0tp_O5O-V8odPy4_nSUW-3BaM=\/405x405\/smart\/filters:quality(85)\/https%3A%2F%2Flaplandresorts.se%2F%2Fwp-content%2Fuploads%2Fsites%2F2%2F2026%2F02%2Fnamnlost-24-webb-1555256.jpg 405w, https:\/\/images.ohmyhosting.se\/z_cQhat83NCbd14ALni5Znjx9bA=\/446x446\/smart\/filters:quality(85)\/https%3A%2F%2Flaplandresorts.se%2F%2Fwp-content%2Fuploads%2Fsites%2F2%2F2026%2F02%2Fnamnlost-24-webb-1555256.jpg 446w, https:\/\/images.ohmyhosting.se\/rrLg51UFe-WOX9Rj2BL1kC7m8qM=\/482x482\/smart\/filters:quality(85)\/https%3A%2F%2Flaplandresorts.se%2F%2Fwp-content%2Fuploads%2Fsites%2F2%2F2026%2F02%2Fnamnlost-24-webb-1555256.jpg 482w, https:\/\/images.ohmyhosting.se\/VEeI6qLfc_HMwqjPEbh_3mvHj60=\/487x487\/smart\/filters:quality(85)\/https%3A%2F%2Flaplandresorts.se%2F%2Fwp-content%2Fuploads%2Fsites%2F2%2F2026%2F02%2Fnamnlost-24-webb-1555256.jpg 487w, https:\/\/images.ohmyhosting.se\/eCQg5WZ0AUByvnv3MeG039rA00Y=\/528x528\/smart\/filters:quality(85)\/https%3A%2F%2Flaplandresorts.se%2F%2Fwp-content%2Fuploads%2Fsites%2F2%2F2026%2F02%2Fnamnlost-24-webb-1555256.jpg 528w, https:\/\/images.ohmyhosting.se\/q1luL1AG7baQxm-gJounZbf-Zik=\/564x564\/smart\/filters:quality(85)\/https%3A%2F%2Flaplandresorts.se%2F%2Fwp-content%2Fuploads%2Fsites%2F2%2F2026%2F02%2Fnamnlost-24-webb-1555256.jpg 564w, https:\/\/images.ohmyhosting.se\/4i3CgD2n5c57TQDtfYmLpwfp9WA=\/569x569\/smart\/filters:quality(85)\/https%3A%2F%2Flaplandresorts.se%2F%2Fwp-content%2Fuploads%2Fsites%2F2%2F2026%2F02%2Fnamnlost-24-webb-1555256.jpg 569w, https:\/\/images.ohmyhosting.se\/F9qkkWo3DWurwb4fwzWopFhs0L4=\/610x610\/smart\/filters:quality(85)\/https%3A%2F%2Flaplandresorts.se%2F%2Fwp-content%2Fuploads%2Fsites%2F2%2F2026%2F02%2Fnamnlost-24-webb-1555256.jpg 610w, https:\/\/images.ohmyhosting.se\/FGpzx2zsrcop_hw2MHlwKVpht6Y=\/646x646\/smart\/filters:quality(85)\/https%3A%2F%2Flaplandresorts.se%2F%2Fwp-content%2Fuploads%2Fsites%2F2%2F2026%2F02%2Fnamnlost-24-webb-1555256.jpg 646w, https:\/\/images.ohmyhosting.se\/i6lP43LWTz7T8mONI2-uiq5iX_s=\/651x651\/smart\/filters:quality(85)\/https%3A%2F%2Flaplandresorts.se%2F%2Fwp-content%2Fuploads%2Fsites%2F2%2F2026%2F02%2Fnamnlost-24-webb-1555256.jpg 651w, https:\/\/images.ohmyhosting.se\/7vMchC9Y8J6-O5msqVAHLy39TgA=\/692x692\/smart\/filters:quality(85)\/https%3A%2F%2Flaplandresorts.se%2F%2Fwp-content%2Fuploads%2Fsites%2F2%2F2026%2F02%2Fnamnlost-24-webb-1555256.jpg 692w, https:\/\/images.ohmyhosting.se\/3kVZMyrb22AiEoIlszMqY9p-zwE=\/728x728\/smart\/filters:quality(85)\/https%3A%2F%2Flaplandresorts.se%2F%2Fwp-content%2Fuploads%2Fsites%2F2%2F2026%2F02%2Fnamnlost-24-webb-1555256.jpg 728w, https:\/\/images.ohmyhosting.se\/r1cPGul7imiZB49hBDPybaAhTXA=\/733x733\/smart\/filters:quality(85)\/https%3A%2F%2Flaplandresorts.se%2F%2Fwp-content%2Fuploads%2Fsites%2F2%2F2026%2F02%2Fnamnlost-24-webb-1555256.jpg 733w, https:\/\/images.ohmyhosting.se\/jbl4id2PBWDfPCP7PkcS1CIxInE=\/774x774\/smart\/filters:quality(85)\/https%3A%2F%2Flaplandresorts.se%2F%2Fwp-content%2Fuploads%2Fsites%2F2%2F2026%2F02%2Fnamnlost-24-webb-1555256.jpg 774w, https:\/\/images.ohmyhosting.se\/oU2Nz8GjHKZw_e2P_vID04hxMiM=\/797x797\/smart\/filters:quality(85)\/https%3A%2F%2Flaplandresorts.se%2F%2Fwp-content%2Fuploads%2Fsites%2F2%2F2026%2F02%2Fnamnlost-24-webb-1555256.jpg 797w, https:\/\/images.ohmyhosting.se\/Dk0GgIFNTVtYxa2Qj-85hjrV7p4=\/810x810\/smart\/filters:quality(85)\/https%3A%2F%2Flaplandresorts.se%2F%2Fwp-content%2Fuploads%2Fsites%2F2%2F2026%2F02%2Fnamnlost-24-webb-1555256.jpg 810w, https:\/\/images.ohmyhosting.se\/f3_tSCYpaCtf0R6P6Vv9jTOn8pM=\/892x892\/smart\/filters:quality(85)\/https%3A%2F%2Flaplandresorts.se%2F%2Fwp-content%2Fuploads%2Fsites%2F2%2F2026%2F02%2Fnamnlost-24-webb-1555256.jpg 892w, https:\/\/images.ohmyhosting.se\/Y8XuSeuKfZwJiD43uMS_3FjfHmY=\/974x974\/smart\/filters:quality(85)\/https%3A%2F%2Flaplandresorts.se%2F%2Fwp-content%2Fuploads%2Fsites%2F2%2F2026%2F02%2Fnamnlost-24-webb-1555256.jpg 974w, https:\/\/images.ohmyhosting.se\/YuiFu4Mr2yk5XS6UnuMdpT-_CiI=\/1056x1056\/smart\/filters:quality(85)\/https%3A%2F%2Flaplandresorts.se%2F%2Fwp-content%2Fuploads%2Fsites%2F2%2F2026%2F02%2Fnamnlost-24-webb-1555256.jpg 1056w, https:\/\/images.ohmyhosting.se\/w69085iTZ67g2MIOZljljBmirnM=\/1138x1138\/smart\/filters:quality(85)\/https%3A%2F%2Flaplandresorts.se%2F%2Fwp-content%2Fuploads%2Fsites%2F2%2F2026%2F02%2Fnamnlost-24-webb-1555256.jpg 1138w, https:\/\/images.ohmyhosting.se\/9mOPXwXbVEpboXNQJhI5DmvBMc4=\/1220x1220\/smart\/filters:quality(85)\/https%3A%2F%2Flaplandresorts.se%2F%2Fwp-content%2Fuploads%2Fsites%2F2%2F2026%2F02%2Fnamnlost-24-webb-1555256.jpg 1220w, https:\/\/images.ohmyhosting.se\/uwdX0fYyWIRIlD_bTN9F1LXsw4U=\/1302x1302\/smart\/filters:quality(85)\/https%3A%2F%2Flaplandresorts.se%2F%2Fwp-content%2Fuploads%2Fsites%2F2%2F2026%2F02%2Fnamnlost-24-webb-1555256.jpg 1302w, https:\/\/images.ohmyhosting.se\/g5yQ8EhGqP9Hcrz3uh5H2ZluwuE=\/1384x1384\/smart\/filters:quality(85)\/https%3A%2F%2Flaplandresorts.se%2F%2Fwp-content%2Fuploads%2Fsites%2F2%2F2026%2F02%2Fnamnlost-24-webb-1555256.jpg 1384w, https:\/\/images.ohmyhosting.se\/TYnTU33xQBkdIO0_gcCuiKWrvTY=\/1466x1466\/smart\/filters:quality(85)\/https%3A%2F%2Flaplandresorts.se%2F%2Fwp-content%2Fuploads%2Fsites%2F2%2F2026%2F02%2Fnamnlost-24-webb-1555256.jpg 1466w, https:\/\/images.ohmyhosting.se\/mYRCWt4pd4JMLbchynnOJQv4HZ0=\/1548x1548\/smart\/filters:quality(85)\/https%3A%2F%2Flaplandresorts.se%2F%2Fwp-content%2Fuploads%2Fsites%2F2%2F2026%2F02%2Fnamnlost-24-webb-1555256.jpg 1548w, https:\/\/images.ohmyhosting.se\/5Qhk-VWpHtQC55sLMczvhIqgXWk=\/1594x1594\/smart\/filters:quality(85)\/https%3A%2F%2Flaplandresorts.se%2F%2Fwp-content%2Fuploads%2Fsites%2F2%2F2026%2F02%2Fnamnlost-24-webb-1555256.jpg 1594w\" alt=\"\" class=\"w-full cover-image lazyload\" height=\"797\" width=\"797\" data-src=\"https:\/\/images.ohmyhosting.se\/oU2Nz8GjHKZw_e2P_vID04hxMiM=\/797x797\/smart\/filters:quality(85)\/https%3A%2F%2Flaplandresorts.se%2F%2Fwp-content%2Fuploads%2Fsites%2F2%2F2026%2F02%2Fnamnlost-24-webb-1555256.jpg\" loading=\"lazy\" \/><\/picture>\n                                    <\/div>\n        <div class=\"hero-subpage-column-content\">\n                                    <h1 class=\"fluid-display-03 mb-5 max-w-[10em] text-black-1000\">Vilken klass \u00e4r l\u00e4mplig f\u00f6r mig?<\/h1>\n                                <\/div>\n    <\/div>\n    <\/section>\n        \n\n<section  class=\"block-wrapper bg-(--background-brand-secondary) color-scheme-light module-spacing-sm-top module-spacing-md-bottom site-container\" data-block=\"text-section \">\n            <div class=\"content-container flex flex-col lg:items-center\">\n    <div class=\"w-full lg:max-w-[580px]\">\n            <\/div>\n        <div class=\"lg:max-w-[580px] w-full\">\n        <div class=\"wysiwyg md:max-w-[567px]\">\n            <h4>BAMM 30<\/h4>\n<p>Viss fj\u00e4llvana, enklare orientering i obanad terr\u00e4ng, l\u00e4ngs eller i anslutning till leder eller ledst\u00e4nger i naturen och oftast med uppf\u00e5ng av terr\u00e4ngf\u00f6rem\u00e5l vid kontrollerna. Trots att detta \u00e4r den \u201dkorta distansen\u201d ska man vara beredd p\u00e5 m\u00e5nga h\u00f6jdmeter och en rej\u00e4l utmaning. Ofta inneb\u00e4r det ca 20-25km\/dag l\u00f6pning och ca 1500 h\u00f6jdmeter.\u00a0 Klarar man av att fj\u00e4llvandra ca 15 \u2013 25 kilometer per dag under 10 timmar s\u00e5 \u00e4r det h\u00e4r klassen f\u00f6r dig. Bra klass f\u00f6r dig som f\u00f6r f\u00f6rsta g\u00e5ngen vill prova p\u00e5 den h\u00e4r typen av t\u00e4vling. Vi transporterar t\u00e4lt och sovs\u00e4ck till det gemensamma nattl\u00e4gret.<\/p>\n<h4>BAMM 50<\/h4>\n<p>God fj\u00e4llvana\/naturvana. St\u00e4ller h\u00f6gre krav p\u00e5 din f\u00f6rm\u00e5ga till orientering mestadels utan led\/stig med \u201dstora f\u00f6rem\u00e5l\u201d (fj\u00e4lltoppar, sj\u00f6ar) som ledst\u00e4nger. Detta \u00e4r klassen f\u00f6r dig som har god kondition och vill ha en h\u00e5rd utmaning. Deltagarna b\u00e4r all sin utrustning sj\u00e4lva. Deltagarna i denna klass \u00e4r ofta ute l\u00e4ngs banan 4-7 timmar\/dag och springer ofta 30-35km\/dag. Se tidigare\u00a0<a href=\"https:\/\/old.bjorkliden.com\/sauconybamm\/arkiv\/\">h\u00f6jdprofiler<\/a>\u00a0om du vill f\u00f6rbereda dig lite extra.<\/p>\n<h4>BAMM 70<\/h4>\n<p>St\u00e4ller stora krav p\u00e5 kondition, fj\u00e4llvana och orienteringsf\u00f6rm\u00e5ga. Vi rekommenderar att man genomf\u00f6rt BAMM 50 eller t\u00e4vlat i andra liknande t\u00e4vlingar innan man ger sig p\u00e5 BAMM 70. Detta \u00e4r klassen f\u00f6r dig som vill ha en mycket h\u00e5rd utmaning. Deltagarna b\u00e4r all sin utrustning sj\u00e4lva. Deltagarna i denna klass \u00e4r ofta ute l\u00e4ngs banan 7 -10 timmar\/dag.<\/p>\n<p><em>Dag 2 finns \u00e4ven motionsklasser. Motionsklasser \u00e4r till f\u00f6r att g\u00f6ra det m\u00f6jligt f\u00f6r s\u00e5 m\u00e5nga som m\u00f6jligt att delta dag 2 \u00e4ven om laget av n\u00e5gon anledning inte fullf\u00f6ljer dag 1. Val av distans sker i samr\u00e5d med t\u00e4vlingsledaren men du kan v\u00e4lja mellan distanserna 30 km eller\u00a0 50 km.\u00a0<\/em><\/p>\n<p><em>*Banl\u00e4ngden \u00e4r f\u00e5gelv\u00e4gen. Distanserna \u00e4r indelade i klasserna herr, dam och mix.<\/em><\/p>\n\n        <\/div>\n    <\/div>\n      <\/div>\n    <\/section>\n","protected":false},"excerpt":{"rendered":"","protected":false},"author":13,"featured_media":12077,"parent":12059,"menu_order":0,"comment_status":"closed","ping_status":"closed","template":"","meta":{"_acf_changed":false,"_relevanssi_hide_post":"","_relevanssi_hide_content":"","_relevanssi_pin_for_all":"","_relevanssi_pin_keywords":"","_relevanssi_unpin_keywords":"","_relevanssi_related_keywords":"","_relevanssi_related_include_ids":"","_relevanssi_related_exclude_ids":"","_relevanssi_related_no_append":"","_relevanssi_related_not_related":"","_relevanssi_related_posts":"","_relevanssi_noindex_reason":"","footnotes":""},"class_list":["post-13608","page","type-page","status-publish","has-post-thumbnail","hentry"],"acf":[],"_links":{"self":[{"href":"https:\/\/bjorkliden.com\/en\/wp-json\/wp\/v2\/pages\/13608","targetHints":{"allow":["GET"]}}],"collection":[{"href":"https:\/\/bjorkliden.com\/en\/wp-json\/wp\/v2\/pages"}],"about":[{"href":"https:\/\/bjorkliden.com\/en\/wp-json\/wp\/v2\/types\/page"}],"author":[{"embeddable":true,"href":"https:\/\/bjorkliden.com\/en\/wp-json\/wp\/v2\/users\/13"}],"replies":[{"embeddable":true,"href":"https:\/\/bjorkliden.com\/en\/wp-json\/wp\/v2\/comments?post=13608"}],"version-history":[{"count":3,"href":"https:\/\/bjorkliden.com\/en\/wp-json\/wp\/v2\/pages\/13608\/revisions"}],"predecessor-version":[{"id":13611,"href":"https:\/\/bjorkliden.com\/en\/wp-json\/wp\/v2\/pages\/13608\/revisions\/13611"}],"up":[{"embeddable":true,"href":"https:\/\/bjorkliden.com\/en\/wp-json\/wp\/v2\/pages\/12059"}],"wp:featuredmedia":[{"embeddable":true,"href":"https:\/\/bjorkliden.com\/en\/wp-json\/wp\/v2\/media\/12077"}],"wp:attachment":[{"href":"https:\/\/bjorkliden.com\/en\/wp-json\/wp\/v2\/media?parent=13608"}],"curies":[{"name":"wp","href":"https:\/\/api.w.org\/{rel}","templated":true}]}}