{"id":13579,"date":"2026-04-14T14:15:28","date_gmt":"2026-04-14T12:15:28","guid":{"rendered":"https:\/\/bjorkliden.com\/?post_type=product&#038;p=13579"},"modified":"2026-04-14T14:20:17","modified_gmt":"2026-04-14T12:20:17","slug":"afterski-i-snobaren","status":"publish","type":"product","link":"https:\/\/bjorkliden.com\/en\/activity\/afterski-i-snobaren\/","title":{"rendered":"Afterski i Sn\u00f6baren"},"content":{"rendered":"<p>Kom p\u00e5 afterski i Sn\u00f6baren vid K\u00e5ppasliften. H\u00e4r serveras det parisare p\u00e5 muurikan, burgare fr\u00e5n k\u00f6ket och massvis med god dryck och sk\u00f6n musik. Vi \u00f6ppnar fr\u00e5n 16:00 &#8211; 19:00 &#8211; V\u00e4lkomna!<\/p>","protected":false},"excerpt":{"rendered":"<p>Kom p\u00e5 afterski i Sn\u00f6baren vid K\u00e5ppasliften 16:00 &#8211; 19:00. H\u00e4r serveras det parisare p\u00e5 muurikan, burgare fr\u00e5n k\u00f6ket och massvis med god dryck och sk\u00f6n musik!<\/p>","protected":false},"featured_media":12675,"template":"","meta":{"_acf_changed":false,"_relevanssi_hide_post":"","_relevanssi_hide_content":"","_relevanssi_pin_for_all":"","_relevanssi_pin_keywords":"","_relevanssi_unpin_keywords":"","_relevanssi_related_keywords":"","_relevanssi_related_include_ids":"","_relevanssi_related_exclude_ids":"","_relevanssi_related_no_append":"","_relevanssi_related_not_related":"","_relevanssi_related_posts":"","_relevanssi_noindex_reason":""},"product_cat":[78],"product_tag":[99,110,109],"class_list":{"0":"post-13579","1":"product","2":"type-product","3":"status-publish","4":"has-post-thumbnail","6":"product_cat-event","7":"product_tag-afterski","8":"product_tag-apres","9":"product_tag-snobaren","11":"first","12":"instock","13":"shipping-taxable","14":"purchasable","15":"product-type-simple"},"acf":[],"_links":{"self":[{"href":"https:\/\/bjorkliden.com\/en\/wp-json\/wp\/v2\/product\/13579","targetHints":{"allow":["GET"]}}],"collection":[{"href":"https:\/\/bjorkliden.com\/en\/wp-json\/wp\/v2\/product"}],"about":[{"href":"https:\/\/bjorkliden.com\/en\/wp-json\/wp\/v2\/types\/product"}],"wp:featuredmedia":[{"embeddable":true,"href":"https:\/\/bjorkliden.com\/en\/wp-json\/wp\/v2\/media\/12675"}],"wp:attachment":[{"href":"https:\/\/bjorkliden.com\/en\/wp-json\/wp\/v2\/media?parent=13579"}],"wp:term":[{"taxonomy":"product_cat","embeddable":true,"href":"https:\/\/bjorkliden.com\/en\/wp-json\/wp\/v2\/product_cat?post=13579"},{"taxonomy":"product_tag","embeddable":true,"href":"https:\/\/bjorkliden.com\/en\/wp-json\/wp\/v2\/product_tag?post=13579"}],"curies":[{"name":"wp","href":"https:\/\/api.w.org\/{rel}","templated":true}]}}