{"id":13598,"date":"2026-04-30T16:03:14","date_gmt":"2026-04-30T14:03:14","guid":{"rendered":"https:\/\/bjorkliden.com\/?post_type=product&#038;p=13598"},"modified":"2026-05-06T14:02:59","modified_gmt":"2026-05-06T12:02:59","slug":"pelikanflyget-en-ikonisk-hopptavling","status":"publish","type":"product","link":"https:\/\/bjorkliden.com\/en\/activity\/pelikanflyget-en-ikonisk-hopptavling\/","title":{"rendered":"Pelikanflyget &#8211; en ikonisk hoppt\u00e4vling"},"content":{"rendered":"<p>Pelikanflyget \u00e4r en Big Air-t\u00e4vling (hoppt\u00e4vling) som \u00e4ger rum vid den s\u00e5 kallade <b>Pelikanhyllan<\/b> (vid hotellkomplexet\/Lobbybaren). Pelikanflyget \u00e4r mer av en &#8221;session&#8221; och folkfest \u00e4n en strikt elitt\u00e4vling. Namnet kommer fr\u00e5n det klassiska &#8221;Pelikan-hoppet&#8221; \u2013 ett stort sn\u00f6hopp som byggs upp precis nedanf\u00f6r utomhusserveringen, vilket g\u00f6r att publiken kan sitta med en dryck i handen och se \u00e5karna flyga f\u00f6rbi p\u00e5 n\u00e4ra h\u00e5ll.<\/p>\n<h4>Notification<\/h4>\n<p>Sker i Sportinformationen i lobbyn. F\u00f6r minder\u00e5riga kr\u00e4vs m\u00e5lsmans signatur. T\u00e4vlingen \u00e4r gratis att delta i.<\/p>\n<h4>Hur g\u00e5r t\u00e4vlingen till?<\/h4>\n<ul>\n<li>\n<p><b>Format:<\/b> Det brukar vara en Jam Session. Det inneb\u00e4r att \u00e5karna har en viss tid p\u00e5 sig att hoppa s\u00e5 m\u00e5nga g\u00e5nger de vill.<\/p>\n<\/li>\n<li>\n<p><b>Bed\u00f6mning:<\/b> Domarna tittar ofta p\u00e5 en kombination av sv\u00e5righetsgrad, stil (steeze) och landning samt progression. Det brukar finnas klasser f\u00f6r b\u00e5de skidor och snowboard, samt ibland en s\u00e4rskild juniorklass.<\/p>\n<\/li>\n<li>\n<p><b>St\u00e4mning:<\/b> Det \u00e4r h\u00f6g musik, speaker och ofta v\u00e4ldigt bra tryck i publiken. Det \u00e4r inte ovanligt att se utkl\u00e4dnader eller mer spektakul\u00e4ra &#8221;old school&#8221;-trick.<\/p>\n<\/li>\n<\/ul>\n<h4>Competition rules<\/h4>\n<ul>\n<li>Minder\u00e5riga m\u00e5ste ha hj\u00e4lm.<\/li>\n<li>Alla uppmanas anv\u00e4nda hj\u00e4lm f\u00f6r er s\u00e4kerhetsskull.<\/li>\n<\/ul>","protected":false},"excerpt":{"rendered":"<p>Pelikanflyget \u00e4r en Big Air-t\u00e4vling (hoppt\u00e4vling) som \u00e4ger rum vid Pelikanhyllan i Riksgr\u00e4nsen. Namnet kommer fr\u00e5n det klassiska &#8221;Pelikan-hoppet&#8221; \u2013 ett stort sn\u00f6hopp som byggs upp vid framsidan d\u00e4r \u00e5sk\u00e5dare kan kolla fr\u00e5n utesserveringen.<\/p>","protected":false},"featured_media":14050,"template":"","meta":{"_acf_changed":false,"_relevanssi_hide_post":"","_relevanssi_hide_content":"","_relevanssi_pin_for_all":"","_relevanssi_pin_keywords":"","_relevanssi_unpin_keywords":"","_relevanssi_related_keywords":"","_relevanssi_related_include_ids":"","_relevanssi_related_exclude_ids":"","_relevanssi_related_no_append":"","_relevanssi_related_not_related":"","_relevanssi_related_posts":"","_relevanssi_noindex_reason":""},"product_cat":[78,111],"product_tag":[57],"class_list":{"0":"post-13598","1":"product","2":"type-product","3":"status-publish","4":"has-post-thumbnail","6":"product_cat-event","7":"product_cat-outdoor-events","8":"product_tag-rezdy","10":"first","11":"instock","12":"virtual","13":"purchasable","14":"product-type-simple"},"acf":[],"_links":{"self":[{"href":"https:\/\/bjorkliden.com\/en\/wp-json\/wp\/v2\/product\/13598","targetHints":{"allow":["GET"]}}],"collection":[{"href":"https:\/\/bjorkliden.com\/en\/wp-json\/wp\/v2\/product"}],"about":[{"href":"https:\/\/bjorkliden.com\/en\/wp-json\/wp\/v2\/types\/product"}],"wp:featuredmedia":[{"embeddable":true,"href":"https:\/\/bjorkliden.com\/en\/wp-json\/wp\/v2\/media\/14050"}],"wp:attachment":[{"href":"https:\/\/bjorkliden.com\/en\/wp-json\/wp\/v2\/media?parent=13598"}],"wp:term":[{"taxonomy":"product_cat","embeddable":true,"href":"https:\/\/bjorkliden.com\/en\/wp-json\/wp\/v2\/product_cat?post=13598"},{"taxonomy":"product_tag","embeddable":true,"href":"https:\/\/bjorkliden.com\/en\/wp-json\/wp\/v2\/product_tag?post=13598"}],"curies":[{"name":"wp","href":"https:\/\/api.w.org\/{rel}","templated":true}]}}