{"id":9114,"date":"2026-02-22T18:24:24","date_gmt":"2026-02-22T17:24:24","guid":{"rendered":"https:\/\/bjorkliden.com\/?post_type=product&#038;p=9114"},"modified":"2026-05-11T19:09:18","modified_gmt":"2026-05-11T17:09:18","slug":"lakta-snowcat-with-return","status":"publish","type":"product","link":"https:\/\/bjorkliden.com\/en\/activity\/lakta-snowcat-with-return\/","title":{"rendered":"The Snowcat to L\u00e5ktatj\u00e5kko"},"content":{"rendered":"<p><b>Day trip by tracked vehicle to L\u00e5ktatj\u00e5kko Mountain Station<\/b><\/p>\n<p>We travel up to the station by tracked wagon, alternatively in sleds behind snowmobiles. We travel through magnificent mountain environment with fantastic views. On the way to the station, if the weather permits, you stop and get out of the bandwagon to enjoy the view and take some pictures. Once at the mountain station, you can buy a coffee or just enjoy the fresh mountain air. If you want to take nice photos to remember your day, this is a good opportunity. The activity gives you an insight into what it looks like in our mountain world and is suitable for all ages. No physical skills are required. When the break is over, the tour will go back down to Bj\u00f6rkliden.<\/p>\n<p>The snowmobile starts from Hotell Fj\u00e4llet at 9:30 to drive up the mountain where the bandwagon is waiting, which is expected to be at L\u00e5ktatj\u00e5kko Fj\u00e4llstation at about 11:00. Then the tour goes down to Bj\u00f6rkliden again at 12:30.<\/p>\n<p>NOTE! Previously, the bandwagon has departed from Hotell Fj\u00e4llet at 10:00. Due to the snow situation, the snowmobile will depart from Hotell Fj\u00e4llet at 9:30 for the trip up the mountain, where the journey will continue with the tracked carriage. The start of the tour is thus brought forward by 30 minutes from Thursday, April 23 and the rest of the season 2026. Thank you for your understanding!<\/p>\n<p><b>Please have your reservation ready to show the driver when boarding the bandwagon, your reservation is your ticket.&nbsp;&nbsp;<\/b><\/p>\n<p>Staying overnight at L\u00e5kta Mountain Station?<\/p>\n<p>If you have booked accommodation at L\u00e5kta and do not want to go up on your own via skis, snowshoes or snowmobile, we can recommend the bandwagon. If you travel in the bandwagon, the ticket is valid for a return trip on the same day. If you are staying overnight at L\u00e5ktatj\u00e5kko mountain station, you will need to buy a new ticket for the downhill route, which departs at 12:30.<\/p>\n<p>If the bandwagon becomes full, it is possible to book an interpreter via the booking department at&nbsp;<a href=\"mailto:bokning@laplandresorts.se\">bokning@laplandresorts.se<\/a>&nbsp;or 0980 - 641 00. You then interpret behind the belt carriage \u201dsitting\u201d on a button similar to those in button lifts.<\/p>\n<p>When interpreting after the bandwagon, the following applies: minimum age 12 years and everyone must wear a helmet. Helmets are available for rent in the Sports Shop.<\/p>\n<p>Recommended equipment for interpretation is alpine gear. Dress warmly as it can get very cold on the way up. (Imagine standing in a lift in the snow for about 60 minutes. Weather conditions can change up on the bare mountain).<\/p>\n<p><\/p>\n<p>If there are 4 or fewer people booked on the tour, it is run with snowmobile and toboggan. Helmet and snowmobile overalls are then available to borrow.&nbsp; &nbsp;<\/p>\n<p>Dogs are not allowed in the bandwagon.<\/p>\n<p>Sledges\/snowshoes, mountain boots and larger luggage are taken along subject to availability.<\/p>\n<p><\/p>\n<p><\/p><\/p>","protected":false},"excerpt":{"rendered":"<p>We travel up to the station by tracked carriage, or in sleds behind snowmobiles, through magnificent mountain scenery with fantastic views. On the way to the mountain station, weather permitting, we stop and get out of the bandwagon to enjoy the view<\/p>","protected":false},"featured_media":14012,"template":"","meta":{"_acf_changed":false,"_relevanssi_hide_post":"","_relevanssi_hide_content":"","_relevanssi_pin_for_all":"","_relevanssi_pin_keywords":"","_relevanssi_unpin_keywords":"","_relevanssi_related_keywords":"","_relevanssi_related_include_ids":"","_relevanssi_related_exclude_ids":"","_relevanssi_related_no_append":"","_relevanssi_related_not_related":"","_relevanssi_related_posts":"","_relevanssi_noindex_reason":""},"product_cat":[74,19,75],"product_tag":[57],"class_list":{"0":"post-9114","1":"product","2":"type-product","3":"status-publish","4":"has-post-thumbnail","6":"product_cat-activity","7":"product_cat-adventure-tours","8":"product_cat-transfer","9":"product_tag-rezdy","11":"first","12":"instock","13":"virtual","14":"purchasable","15":"product-type-simple"},"acf":[],"_links":{"self":[{"href":"https:\/\/bjorkliden.com\/en\/wp-json\/wp\/v2\/product\/9114","targetHints":{"allow":["GET"]}}],"collection":[{"href":"https:\/\/bjorkliden.com\/en\/wp-json\/wp\/v2\/product"}],"about":[{"href":"https:\/\/bjorkliden.com\/en\/wp-json\/wp\/v2\/types\/product"}],"wp:featuredmedia":[{"embeddable":true,"href":"https:\/\/bjorkliden.com\/en\/wp-json\/wp\/v2\/media\/14012"}],"wp:attachment":[{"href":"https:\/\/bjorkliden.com\/en\/wp-json\/wp\/v2\/media?parent=9114"}],"wp:term":[{"taxonomy":"product_cat","embeddable":true,"href":"https:\/\/bjorkliden.com\/en\/wp-json\/wp\/v2\/product_cat?post=9114"},{"taxonomy":"product_tag","embeddable":true,"href":"https:\/\/bjorkliden.com\/en\/wp-json\/wp\/v2\/product_tag?post=9114"}],"curies":[{"name":"wp","href":"https:\/\/api.w.org\/{rel}","templated":true}]}}