{"id":9124,"date":"2026-02-26T12:28:30","date_gmt":"2026-02-26T11:28:30","guid":{"rendered":"https:\/\/bjorkliden.com\/?post_type=product&#038;p=9124"},"modified":"2026-05-07T16:04:25","modified_gmt":"2026-05-07T14:04:25","slug":"lakta-snowcat-to-bjorkliden","status":"publish","type":"product","link":"https:\/\/bjorkliden.com\/en\/activity\/lakta-snowcat-to-bjorkliden\/","title":{"rendered":"Low-loader return to Bj\u00f6rkliden (3996-610)"},"content":{"rendered":"<p>Book the return trip from L\u00e5kta Book the return trip from L\u00e5kta Book the return trip from L\u00e5kta Book the return trip from L\u00e5kta Book the return trip from L\u00e5kta Book the return trip from L\u00e5kta Book the return trip from L\u00e5kta Book the return trip from L\u00e5kta Book the return trip from L\u00e5kta Book the return trip from L\u00e5kta Book the return trip from L\u00e5kta Book the return trip from L\u00e5kta Book the return trip from L\u00e5kta Book the return trip from L\u00e5kta Book the return trip from L\u00e5kta<\/p>","protected":false},"excerpt":{"rendered":"<p>Book the return trip from L\u00e5kta<\/p>","protected":false},"featured_media":0,"template":"","meta":{"_acf_changed":false,"_relevanssi_hide_post":"","_relevanssi_hide_content":"","_relevanssi_pin_for_all":"","_relevanssi_pin_keywords":"","_relevanssi_unpin_keywords":"","_relevanssi_related_keywords":"","_relevanssi_related_include_ids":"","_relevanssi_related_exclude_ids":"","_relevanssi_related_no_append":"","_relevanssi_related_not_related":"","_relevanssi_related_posts":"","_relevanssi_noindex_reason":""},"product_cat":[19,75],"product_tag":[57],"class_list":{"0":"post-9124","1":"product","2":"type-product","3":"status-publish","5":"product_cat-adventure-tours","6":"product_cat-transfer","7":"product_tag-rezdy","9":"first","10":"instock","11":"virtual","12":"purchasable","13":"product-type-simple"},"acf":[],"_links":{"self":[{"href":"https:\/\/bjorkliden.com\/en\/wp-json\/wp\/v2\/product\/9124","targetHints":{"allow":["GET"]}}],"collection":[{"href":"https:\/\/bjorkliden.com\/en\/wp-json\/wp\/v2\/product"}],"about":[{"href":"https:\/\/bjorkliden.com\/en\/wp-json\/wp\/v2\/types\/product"}],"wp:attachment":[{"href":"https:\/\/bjorkliden.com\/en\/wp-json\/wp\/v2\/media?parent=9124"}],"wp:term":[{"taxonomy":"product_cat","embeddable":true,"href":"https:\/\/bjorkliden.com\/en\/wp-json\/wp\/v2\/product_cat?post=9124"},{"taxonomy":"product_tag","embeddable":true,"href":"https:\/\/bjorkliden.com\/en\/wp-json\/wp\/v2\/product_tag?post=9124"}],"curies":[{"name":"wp","href":"https:\/\/api.w.org\/{rel}","templated":true}]}}