{"id":9127,"date":"2026-03-17T15:23:16","date_gmt":"2026-03-17T14:23:16","guid":{"rendered":"https:\/\/bjorkliden.com\/?post_type=product&#038;p=9127"},"modified":"2026-04-18T09:14:54","modified_gmt":"2026-04-18T07:14:54","slug":"salmon-varieties-3634-620","status":"publish","type":"product","link":"https:\/\/bjorkliden.com\/en\/activity\/salmon-varieties-3634-620\/","title":{"rendered":"The flame retardant (3634-620)"},"content":{"rendered":"<p>On April 25, it is once again time for our fast-paced downhill race starting<br \/> at L\u00e5ktatj\u00e5kko Mountain Station and finish at Hotell Fj\u00e4llet in <br \/>Bj\u00f6rkliden. The rules are simple: get down from L\u00e5ktatj\u00e5kko Mountain Station <br \/>any route and on any ski or snowboard equipment. First down <br \/>wins!<\/p>\n<p><b>New for this year&nbsp;<\/b><b>Youth class for those under 15!<\/b><\/p>\n<p><strong>Info: <\/strong>All participants must wear a helmet. Under 12s must be accompanied by a parent or guardian. 12-18s must have parental permission.<\/p>\n<p>Transportation by tracked vehicle or snowmobile departing at 13:30 to L\u00e5ktatj\u00e5kko. The trip up takes about an hour, warm clothes are recommended. There is a possibility to send a bag down with the bandwagon.&nbsp;<\/p>","protected":false},"excerpt":{"rendered":"<p>Take part in Bj\u00f6rkliden's annual Lectureship competition. <\/p>","protected":false},"featured_media":9128,"template":"","meta":{"_acf_changed":false,"_relevanssi_hide_post":"","_relevanssi_hide_content":"","_relevanssi_pin_for_all":"","_relevanssi_pin_keywords":"","_relevanssi_unpin_keywords":"","_relevanssi_related_keywords":"","_relevanssi_related_include_ids":"","_relevanssi_related_exclude_ids":"","_relevanssi_related_no_append":"","_relevanssi_related_not_related":"","_relevanssi_related_posts":"","_relevanssi_noindex_reason":""},"product_cat":[19,78],"product_tag":[57,103],"class_list":{"0":"post-9127","1":"product","2":"type-product","3":"status-publish","4":"has-post-thumbnail","6":"product_cat-adventure-tours","7":"product_cat-event","8":"product_tag-rezdy","9":"product_tag-tavling","11":"first","12":"instock","13":"virtual","14":"purchasable","15":"product-type-simple"},"acf":[],"_links":{"self":[{"href":"https:\/\/bjorkliden.com\/en\/wp-json\/wp\/v2\/product\/9127","targetHints":{"allow":["GET"]}}],"collection":[{"href":"https:\/\/bjorkliden.com\/en\/wp-json\/wp\/v2\/product"}],"about":[{"href":"https:\/\/bjorkliden.com\/en\/wp-json\/wp\/v2\/types\/product"}],"wp:featuredmedia":[{"embeddable":true,"href":"https:\/\/bjorkliden.com\/en\/wp-json\/wp\/v2\/media\/9128"}],"wp:attachment":[{"href":"https:\/\/bjorkliden.com\/en\/wp-json\/wp\/v2\/media?parent=9127"}],"wp:term":[{"taxonomy":"product_cat","embeddable":true,"href":"https:\/\/bjorkliden.com\/en\/wp-json\/wp\/v2\/product_cat?post=9127"},{"taxonomy":"product_tag","embeddable":true,"href":"https:\/\/bjorkliden.com\/en\/wp-json\/wp\/v2\/product_tag?post=9127"}],"curies":[{"name":"wp","href":"https:\/\/api.w.org\/{rel}","templated":true}]}}