{"id":9131,"date":"2026-02-26T10:55:53","date_gmt":"2026-02-26T09:55:53","guid":{"rendered":"https:\/\/bjorkliden.com\/?post_type=product&#038;p=9131"},"modified":"2026-05-06T13:01:50","modified_gmt":"2026-05-06T11:01:50","slug":"lemmel-club-bjorkliden","status":"publish","type":"product","link":"https:\/\/bjorkliden.com\/en\/activity\/lemmel-club-bjorkliden\/","title":{"rendered":"Lambs Club Bj\u00f6rkliden"},"content":{"rendered":"<p>Children are important to us here at Bj\u00f6rkliden! That's why we created the L\u00e4mmel Club - the kids' own club, where they can have a break from their parents to play and try new activities with new friends. For example, we can take a trip to our big cabin, where we might pop popcorn over the fire, do arts and crafts, build snow sculptures, have sled races or ice fishing.<\/p>\n<p><b>Available:<\/b>&nbsp;Mondays, Wednesdays and Fridays, February 6-May 1, 2026<\/p>\n<p><b>Time spent:<\/b>&nbsp;Two hours, 14:30-16:30<\/p>\n<p><b>Meeting place:<\/b>&nbsp;Sports information room in the lobby of Hotel Fj\u00e4llet in Bj\u00f6rkliden<\/p>\n<\/p>\n<p><b>Number of participants:<\/b>&nbsp;1-12 persons<\/p>\n<p><b>Price:<\/b>&nbsp;Free of charge<\/p>\n<p><b>Included:<\/b>&nbsp;Guide<\/p>\n<p><b>Other:<\/b>&nbsp;The L\u00e4mmel Club is for children aged 4-11, but you can also bring an older sibling if you don't want to come alone!<\/p>\n<p>___________<\/p>\n<p>The children are very important to us here in Bj\u00f6rkliden! That's why we created the Lemming Club - a special club just for kids, where they can take a break from their parents, make new friends, and try fun activities together. We might go on a little adventure to our big wooden lavvu, where we could pop popcorn over the fire, do crafts, build snow sculptures, race sleds or try ice fishing. Every day brings something new and exciting!<\/p>\n<p><b>Availability:<\/b>&nbsp;Mondays, Wednesdays and Fridays, February 6-May 1, 2026<\/p>\n<p><b>Duration:<\/b>&nbsp;Approx. two hours, 14:30-16:30<\/p>\n<p><b>Meeting point:<\/b>&nbsp;The sport information lounge in the lobby of Hotell Fj\u00e4llet in Bj\u00f6rkliden<\/p>\n<p><b>Participants:<\/b>&nbsp;1-12 people<\/p>\n<p><b>Price:<\/b>&nbsp;For free<\/p>\n<p><b>Included:<\/b>&nbsp;Guide<\/p>\n<p><b>Please note:<\/b>&nbsp;The Lemming Club is for children aged 4-11, but you're welcome to bring an older sibling along if you don't want to come on your own!<\/p>","protected":false},"excerpt":{"rendered":"<p>Join the Lemming Club - a fun kids\u2019 activity for ages 4-11! Make new friends, play games, build snow sculptures, go sledding or try ice fishing. You can even bring an older sibling if you prefer not to come alone!<\/p>","protected":false},"featured_media":14038,"template":"","meta":{"_acf_changed":false,"_relevanssi_hide_post":"","_relevanssi_hide_content":"","_relevanssi_pin_for_all":"","_relevanssi_pin_keywords":"","_relevanssi_unpin_keywords":"","_relevanssi_related_keywords":"","_relevanssi_related_include_ids":"","_relevanssi_related_exclude_ids":"","_relevanssi_related_no_append":"","_relevanssi_related_not_related":"","_relevanssi_related_posts":"","_relevanssi_noindex_reason":""},"product_cat":[18],"product_tag":[57],"class_list":{"0":"post-9131","1":"product","2":"type-product","3":"status-publish","4":"has-post-thumbnail","6":"product_cat-okategoriserad","7":"product_tag-rezdy","9":"first","10":"instock","11":"virtual","12":"purchasable","13":"product-type-simple"},"acf":[],"_links":{"self":[{"href":"https:\/\/bjorkliden.com\/en\/wp-json\/wp\/v2\/product\/9131","targetHints":{"allow":["GET"]}}],"collection":[{"href":"https:\/\/bjorkliden.com\/en\/wp-json\/wp\/v2\/product"}],"about":[{"href":"https:\/\/bjorkliden.com\/en\/wp-json\/wp\/v2\/types\/product"}],"wp:featuredmedia":[{"embeddable":true,"href":"https:\/\/bjorkliden.com\/en\/wp-json\/wp\/v2\/media\/14038"}],"wp:attachment":[{"href":"https:\/\/bjorkliden.com\/en\/wp-json\/wp\/v2\/media?parent=9131"}],"wp:term":[{"taxonomy":"product_cat","embeddable":true,"href":"https:\/\/bjorkliden.com\/en\/wp-json\/wp\/v2\/product_cat?post=9131"},{"taxonomy":"product_tag","embeddable":true,"href":"https:\/\/bjorkliden.com\/en\/wp-json\/wp\/v2\/product_tag?post=9131"}],"curies":[{"name":"wp","href":"https:\/\/api.w.org\/{rel}","templated":true}]}}