{"id":9174,"date":"2026-02-26T10:56:46","date_gmt":"2026-02-26T09:56:46","guid":{"rendered":"https:\/\/bjorkliden.com\/?post_type=product&#038;p=9174"},"modified":"2026-05-06T13:01:48","modified_gmt":"2026-05-06T11:01:48","slug":"private-guide-half-day","status":"publish","type":"product","link":"https:\/\/bjorkliden.com\/en\/activity\/private-guide-half-day\/","title":{"rendered":"Half-day adventure with private guide"},"content":{"rendered":"<h3>Half-day adventure with private guide<\/h3>\n<p><\/p>\n<p>Hire your own guide for a half-day adventure in the Bj\u00f6rkliden area! Whether you're traveling alone and want some company, you're a group of friends traveling together, or you want a competent local guide, this activity is for you. What you do for the day is up to you - you can experience our caves, visit Trollsj\u00f6n, Rallarkyrkog\u00e5rden or L\u00e5ktatj\u00e5kkastugan, or steer the steps towards some other exciting place you would like to discover together! For booking requests, contact bln.sporten@laplandresorts.se.<\/p>\n<p><b>Available:<\/b>&nbsp;On request, June 29-October 3, 2026<\/p>\n<p><b>Time spent:<\/b>&nbsp;About four hours<\/p>\n<p><b>Meeting place:<\/b> Outside the Sports Shop in Bj\u00f6rkliden<\/p>\n<\/p>\n<p><b>Number of participants:<\/b>&nbsp;1-8 persons<\/p>\n<p><b>Price:<\/b> 3 250 SEK per guide up to 8 people<\/p>\n<p><b>Included:<\/b>&nbsp;Guide<\/p>\n<p><b>Other:<\/b>&nbsp;Please note that the price is for the guide only, and depending on the activity, costs for necessary equipment may be added<\/p>\n<p><i>Think half a day is too short? Check out our Full Day Adventures with private guide!<\/i><\/p>\n<p>____________________________________________________________<\/p>\n<h3>Half day adventure with a private guide<\/h3>\n<p><\/p>\n<p>Hire your own guide for a half-day adventure in the Bj\u00f6rkliden area! Whether you're traveling solo and want company, a group of friends exploring together, or simply looking for a knowledgeable local guide, this activity is perfect for you. What you choose to do during the day is entirely up to you - you can explore our caves, visit Trollsj\u00f6n, Rallarkyrkog\u00e5rden, or L\u00e5ktatj\u00e5kkastugan, or head off to another exciting destination you'd like to discover together. For booking inquiries, please contact <a>bln.sporten@laplandresorts.se<\/a>.<\/p>\n<p><b>Available:<\/b>&nbsp;Upon request, June 29th-October 3rd 2026<\/p>\n<p><b>Time spent:<\/b>&nbsp;About 4 hours<\/p>\n<p><b>Meeting point:<\/b> Outside the sports shop in Bj\u00f6rkliden<\/p>\n<\/p>\n<p><b>Number of participants:<\/b>&nbsp;1-8 people<\/p>\n<p><b>Price:<\/b> 3 250 SEK per guide up to 8 people<\/p>\n<p><b>Included:<\/b>&nbsp;Guide<\/p>\n<p><b>Other:&nbsp;<\/b>Please observe that the price includes to the guide only. Depending on the activity, additional costs may apply for necessary equipment<\/p>\n<p><i>Think a half day is too short? Check out our Full-day adventure with a private guide!<\/i><\/p>","protected":false},"excerpt":{"rendered":"<p>Book your own private guide for a half-day adventure where you decide when, where and how!<\/p>","protected":false},"featured_media":14294,"template":"","meta":{"_acf_changed":false,"_relevanssi_hide_post":"","_relevanssi_hide_content":"","_relevanssi_pin_for_all":"","_relevanssi_pin_keywords":"","_relevanssi_unpin_keywords":"","_relevanssi_related_keywords":"","_relevanssi_related_include_ids":"","_relevanssi_related_exclude_ids":"","_relevanssi_related_no_append":"","_relevanssi_related_not_related":"","_relevanssi_related_posts":"","_relevanssi_noindex_reason":""},"product_cat":[43,18,72],"product_tag":[57],"class_list":{"0":"post-9174","1":"product","2":"type-product","3":"status-publish","4":"has-post-thumbnail","6":"product_cat-active-tours","7":"product_cat-okategoriserad","8":"product_cat-private_tour","9":"product_tag-rezdy","11":"first","12":"instock","13":"virtual","14":"purchasable","15":"product-type-simple"},"acf":[],"_links":{"self":[{"href":"https:\/\/bjorkliden.com\/en\/wp-json\/wp\/v2\/product\/9174","targetHints":{"allow":["GET"]}}],"collection":[{"href":"https:\/\/bjorkliden.com\/en\/wp-json\/wp\/v2\/product"}],"about":[{"href":"https:\/\/bjorkliden.com\/en\/wp-json\/wp\/v2\/types\/product"}],"wp:featuredmedia":[{"embeddable":true,"href":"https:\/\/bjorkliden.com\/en\/wp-json\/wp\/v2\/media\/14294"}],"wp:attachment":[{"href":"https:\/\/bjorkliden.com\/en\/wp-json\/wp\/v2\/media?parent=9174"}],"wp:term":[{"taxonomy":"product_cat","embeddable":true,"href":"https:\/\/bjorkliden.com\/en\/wp-json\/wp\/v2\/product_cat?post=9174"},{"taxonomy":"product_tag","embeddable":true,"href":"https:\/\/bjorkliden.com\/en\/wp-json\/wp\/v2\/product_tag?post=9174"}],"curies":[{"name":"wp","href":"https:\/\/api.w.org\/{rel}","templated":true}]}}