{"id":9296,"date":"2026-02-26T12:27:52","date_gmt":"2026-02-26T11:27:52","guid":{"rendered":"https:\/\/bjorkliden.com\/?post_type=product&#038;p=9296"},"modified":"2026-05-06T14:03:03","modified_gmt":"2026-05-06T12:03:03","slug":"skijoring-lakta-snowcat","status":"publish","type":"product","link":"https:\/\/bjorkliden.com\/en\/activity\/skijoring-lakta-snowcat\/","title":{"rendered":"Interpreter station L\u00e5kta Bandvagn (3996-610)"},"content":{"rendered":"<p>Tolkaplats to L\u00e5kta. One-way trip up to L\u00e5ktatj\u00e5kko mountain station behind the bandwagon Emma for a lovely waffle<\/p>","protected":false},"excerpt":{"rendered":"<p>One-way trip to L\u00e5kta<\/p>","protected":false},"featured_media":0,"template":"","meta":{"_acf_changed":false,"_relevanssi_hide_post":"","_relevanssi_hide_content":"","_relevanssi_pin_for_all":"","_relevanssi_pin_keywords":"","_relevanssi_unpin_keywords":"","_relevanssi_related_keywords":"","_relevanssi_related_include_ids":"","_relevanssi_related_exclude_ids":"","_relevanssi_related_no_append":"","_relevanssi_related_not_related":"","_relevanssi_related_posts":"","_relevanssi_noindex_reason":""},"product_cat":[18],"product_tag":[57],"class_list":{"0":"post-9296","1":"product","2":"type-product","3":"status-publish","5":"product_cat-okategoriserad","6":"product_tag-rezdy","8":"first","9":"instock","10":"virtual","11":"purchasable","12":"product-type-simple"},"acf":[],"_links":{"self":[{"href":"https:\/\/bjorkliden.com\/en\/wp-json\/wp\/v2\/product\/9296","targetHints":{"allow":["GET"]}}],"collection":[{"href":"https:\/\/bjorkliden.com\/en\/wp-json\/wp\/v2\/product"}],"about":[{"href":"https:\/\/bjorkliden.com\/en\/wp-json\/wp\/v2\/types\/product"}],"wp:attachment":[{"href":"https:\/\/bjorkliden.com\/en\/wp-json\/wp\/v2\/media?parent=9296"}],"wp:term":[{"taxonomy":"product_cat","embeddable":true,"href":"https:\/\/bjorkliden.com\/en\/wp-json\/wp\/v2\/product_cat?post=9296"},{"taxonomy":"product_tag","embeddable":true,"href":"https:\/\/bjorkliden.com\/en\/wp-json\/wp\/v2\/product_tag?post=9296"}],"curies":[{"name":"wp","href":"https:\/\/api.w.org\/{rel}","templated":true}]}}