{"id":9303,"date":"2026-02-26T12:32:18","date_gmt":"2026-02-26T11:32:18","guid":{"rendered":"https:\/\/bjorkliden.com\/?post_type=product&#038;p=9303"},"modified":"2026-05-07T16:05:36","modified_gmt":"2026-05-07T14:05:36","slug":"hiking-to-trollsjon","status":"publish","type":"product","link":"https:\/\/bjorkliden.com\/en\/activity\/hiking-to-trollsjon\/","title":{"rendered":"Hiking package to Trollsj\u00f6n"},"content":{"rendered":"<h3>Hiking package to Troll Lake (Riss\u00e1j\u00e1vri)<\/h3>\n<p><b><br \/><\/b><\/p>\n<p>We offer a hiking package with transfer to the mighty Gearggev\u00e1ggi valley, where one of Sweden's most sought-after treats awaits at the very end: Trollsj\u00f6n, or Riss\u00e1j\u00e1vri as it is called in North S\u00e1mi.<\/p>\n<p>Gearggev\u00e1ggi betyder&nbsp;&#8221;Stendalen&#8221;, och det finns en uppenbar anledning till detta. Den \u00e4r en av de mest mystiska och vackraste platser de svenska fj\u00e4llen kan erbjuda, och landskapet f\u00f6r l\u00e4tt tankarna till Sagan om Ringen. Ett unikt omr\u00e5de k\u00e4nt f\u00f6r sina storslagna stenformationer som formades av den senaste istiden. Utflyktens m\u00e5l,&nbsp;Riss\u00e1j\u00e1vri,&nbsp;ligger inne i dalen och den \u00e4r k\u00e4nd f\u00f6r sitt klara vatten och otroliga siktdjup. En vacker dag kan ni se alla 36 meterna \u00e4nda ned till botten!&nbsp;<\/p>\n<p>We drop you off at L\u00e5kta stop along road E10 where the hike towards Trollsj\u00f6n starts. You will be given a map, as well as a tour description to take you to the lake at the end of the valley on your own. Once at the lake, it is good to have a lunch break. After the hike back to the parking lot, when your legs are tired and your lunch is eaten, we will pick you up again.<\/p>\n<p><b>Available:&nbsp;<\/b>Tuesdays, Fridays and Sundays, June 30-October 2, 2026<\/p>\n<p><b>Time spent:&nbsp;<\/b>Approx. 7.5 hours, 09:00-16:30<\/p>\n<p><b>Distance and height:<\/b>&nbsp;About 12 km, +350 meters of altitude, -350 meters of altitude<\/p>\n<p><b>Meeting place:<\/b>&nbsp;Outside the Sports Shop in Bj\u00f6rkliden<\/p>\n<\/p>\n<p><b>Number of participants:<\/b>&nbsp;2-8&nbsp;personer. Vid f\u00e4rre \u00e4n tv\u00e5 anm\u00e4lda deltagare&nbsp;f\u00f6rbeh\u00e5ller vi oss r\u00e4tten att st\u00e4lla in turen<\/p>\n<p><b>Price:<\/b>&nbsp;460&nbsp;kr per person<\/p>\n<p><b>Included: <\/b>Map, compass, tour description and transportation to and from the starting point of the tour<\/p>\n<p><b>Packing list:&nbsp;<\/b>Packed lunch, water bottle, hot drink, sturdy boots (preferably with a shaft that goes over the ankle), rain jacket, rain pants, a warm jacket or extra thick sweater, hat, gloves, buff or scarf, sunglasses, first aid kit<\/p>\n<p><b>Other:&nbsp;<\/b>The recommended age for this tour is at least 10 years for children walking on their own<\/p>\n<p><b>ATTENTION!<\/b>&nbsp;Riss\u00e1j\u00e1vri (Trollsj\u00f6n) \u00e4r naturligt steril, d\u00e4rf\u00f6r ska man inte bada i den f\u00f6r att bevara den naturliga PH-balansen.<\/p>\n<p>____________________________________________________________<\/p>\n<\/p>\n<\/p>\n<\/p>\n<h3>Hiking package to Lake Trollsj\u00f6n (Riss\u00e1j\u00e1vri)<\/h3>\n<p><b><br \/><\/b><\/p>\n<p>This valley, shaped by the last ice age more than 10 000 years ago, is one of the most mysterious and beautiful places Swedish Lapland can offer. At the end of the valley lies lake Riss\u00e1j\u00e1vri&nbsp;, one of the clearest lakes in Europe. Its crystal icy water lies below the steep rock faces of granite cliffs, and provides a stunning view of the Lapland allure.<\/p>\n<p>In this package, we provide you with everything you need for an enchanting hiking day up to the lake. We will supply you with a map, a compass, information about the area and where the best paths are. The adventure starts with a short drive to the starting point of the hike. When we arrive at the parking spot, we show you along the start of the trail before we leave you to go on you own adventure up to the lake. When you return after your hike to the starting point, we will be waiting for you by the car, to take you back home to Bj\u00f6rkliden.&nbsp;<\/p>\n<p><\/p>\n<p><b>Available:&nbsp;<\/b>Tuesdays, Fridays and Sundays, June 30th-October 2nd 2026<\/p>\n<p><b>Time spent:&nbsp;<\/b>About 7,5 hours, 09:00-16:30<\/p>\n<p><b>Distance and vertical meters:&nbsp;<\/b>Approx 12 km, +350 and -350 vertical meters<\/p>\n<p><b>Meeting point:&nbsp;<\/b>Outside the sports shop in Bj\u00f6rkliden<\/p>\n<\/p>\n<p><b>Number of participants:<\/b>&nbsp;If fewer than two participants are registered, we reserve the right to cancel the tour.<\/p>\n<p><b>Price:<\/b>&nbsp;460 SEK&nbsp;per person<\/p>\n<p><b>Included:<\/b>&nbsp;Map, compass, description of the tour, transfer to and from the starting point of the tour<\/p>\n<p><b>What to bring:<\/b>&nbsp;Lunch, water bottle, warm beverage, hiking boots (preferably a model that covers your ankles), rain jacket, rain pants, a warm jacket or thick sweater, beanie, gloves, scarf, sunglasses and a first aid kit<\/p>\n<p><b>Other:<\/b>&nbsp;We recommend that children are over 10 years old for this tour<\/p>\n<p><b>Note!<\/b>&nbsp;Riss\u00e1j\u00e1vri (Trollsj\u00f6n) is naturally sterile, therefore swimming in the lake is not an option to preserve the natural pH-balance.<\/p>\n<\/p>\n<\/p><\/p>","protected":false},"excerpt":{"rendered":"<p>F\u00f6lj med p\u00e5 en of\u00f6rgl\u00f6mlig dagsutflykt till Trollsj\u00f6n \u2013 en av Sveriges klaraste sj\u00f6ar! Utforska den fantastiska Gearggev\u00e1ggi, formad av istiden med dramatiska klippformationer och kristallklart vatten. Vandringen \u00e4r ca 12km med 350 h\u00f6jdmete<\/p>","protected":false},"featured_media":14241,"template":"","meta":{"_acf_changed":false,"_relevanssi_hide_post":"","_relevanssi_hide_content":"","_relevanssi_pin_for_all":"","_relevanssi_pin_keywords":"","_relevanssi_unpin_keywords":"","_relevanssi_related_keywords":"","_relevanssi_related_include_ids":"","_relevanssi_related_exclude_ids":"","_relevanssi_related_no_append":"","_relevanssi_related_not_related":"","_relevanssi_related_posts":"","_relevanssi_noindex_reason":""},"product_cat":[74,66,55,44,18,49],"product_tag":[114,116,57,115,117],"class_list":{"0":"post-9303","1":"product","2":"type-product","3":"status-publish","4":"has-post-thumbnail","6":"product_cat-activity","7":"product_cat-attraction","8":"product_cat-day-tours","9":"product_cat-hiking-trekking","10":"product_cat-okategoriserad","11":"product_cat-scenic-tours","12":"product_tag-dagstur","13":"product_tag-naturupplevelse","14":"product_tag-rezdy","15":"product_tag-vandring","16":"product_tag-vandringspaket","18":"first","19":"instock","20":"virtual","21":"purchasable","22":"product-type-simple"},"acf":[],"_links":{"self":[{"href":"https:\/\/bjorkliden.com\/en\/wp-json\/wp\/v2\/product\/9303","targetHints":{"allow":["GET"]}}],"collection":[{"href":"https:\/\/bjorkliden.com\/en\/wp-json\/wp\/v2\/product"}],"about":[{"href":"https:\/\/bjorkliden.com\/en\/wp-json\/wp\/v2\/types\/product"}],"wp:featuredmedia":[{"embeddable":true,"href":"https:\/\/bjorkliden.com\/en\/wp-json\/wp\/v2\/media\/14241"}],"wp:attachment":[{"href":"https:\/\/bjorkliden.com\/en\/wp-json\/wp\/v2\/media?parent=9303"}],"wp:term":[{"taxonomy":"product_cat","embeddable":true,"href":"https:\/\/bjorkliden.com\/en\/wp-json\/wp\/v2\/product_cat?post=9303"},{"taxonomy":"product_tag","embeddable":true,"href":"https:\/\/bjorkliden.com\/en\/wp-json\/wp\/v2\/product_tag?post=9303"}],"curies":[{"name":"wp","href":"https:\/\/api.w.org\/{rel}","templated":true}]}}