{"id":9383,"date":"2026-03-20T14:08:08","date_gmt":"2026-03-20T13:08:08","guid":{"rendered":"https:\/\/bjorkliden.com\/?post_type=product&#038;p=9383"},"modified":"2026-04-25T08:14:06","modified_gmt":"2026-04-25T06:14:06","slug":"visit-the-sami-reindeer-in-jukkasjarvi","status":"publish","type":"product","link":"https:\/\/bjorkliden.com\/en\/activity\/visit-the-sami-reindeer-in-jukkasjarvi\/","title":{"rendered":"Visit the Sami &amp; Reindeer in Jukkasj\u00e4rvi"},"content":{"rendered":"<p>This once-in-a-lifetime opportunity allows you to visit Kiruna's finest open air museum which is dedicated to and run by Swedish Lapland's local indigenous people - the Sami. This exciting day trip will give you firsthand access to Sami handicrafts and to top it all off - you will get to experience the amazing lifestyle of the S\u00e1mi people and to get up close &amp;personal, inside an authentic corral with Lapland's most iconic creature - the reindeer.&nbsp;<\/p>\n<p>&nbsp;<\/p>\n<p>The open-air museum will teach you all you could ever want to know about Sami culture focusing on how traditional buildings are created, Sami lifestyle and how the Sami people interact with the local environment. You can even purchase a bag of Arctic moss and feed the reindeer which creates the perfect environment of a once in a lifetime photograph with these majestic creatures!<\/p>\n<p>&nbsp;<\/p>\n<p>All of this excitement will most certainly make you hungry! This visit includes access to a lovely caf\u00e9 which is located inside of a cozy wooden teepee which is owned and operated by the local Sami community. Warm drinks, sandwiches and classic Swedish Fika is available for purchase.<\/p>\n<\/p>\n<p>                  <\/p>\n<p><b>Good to know<\/b><\/p>\n<ul>\n<li>Lunch is not included but can be purchased at Caf\u00e9 S\u00e1pmi for an additional cost. <\/li>\n<li>It is important that you wear warm clothes, hats and gloves as well <br \/>as warm insulated winter boots for your feet.                          <\/li>\n<\/ul>\n<p>                        <\/p>\n<\/p>\n<p><b>What's included<\/b><\/p>\n<\/p>\n<p>                        <\/p>\n<ul>\n<li>Round trip transportation from your hotel in Abisko\/Bj\u00f6rkliden to Jukkasj\u00e4rvi outside of Kiruna, where Nutti S\u00e1mi Siida is located.<\/li>\n<li>Entrance ticket to the Nutti Sami Sida open air museum, Caf\u00e9 S\u00e1pmi &amp; Handicraft shop.<\/li>\n<li>Optional guided tour. Starts 12:15PM and you report for it in the reception.<\/li>\n<li>Time to get up close and personal with the reindeer.<\/li>\n<\/ul>\n<p>                          <\/p>\n<p>                        <\/p>\n<\/p>\n<p><b>Starting point and pick up information<\/b><\/p>\n<\/p>\n<p>                        <\/p>\n<p>STARTING POINT<br \/>We pick you up from any hotel in Abisko or Bj\u00f6rkliden.<\/p>\n<p><\/p>\n<p>PICK UP INFORMATION<br \/>If you are staying in Abisko, please be ready for pick up at your hotel from 9:15 AM.<br \/>If you are staying in Bj\u00f6rkliden the pickup time is 9:00 AM.<\/p>\n<\/p>\n<\/p>\n<\/p>\n<\/p>\n<\/p>\n<\/p>\n<p>RETURN TIMES<\/p>\n<p>Departing from Jukkasj\u00e4rvi 2:00 PM.<\/p>\n<p>All guests returned to their hotels by 4:00 PM.<\/p>","protected":false},"excerpt":{"rendered":"<p>Visit Kiruna's finest open air museum which is dedicated to and run by Swedish Lapland's local indigenous people - the Sami.<\/p>","protected":false},"featured_media":9384,"template":"","meta":{"_acf_changed":false,"_relevanssi_hide_post":"","_relevanssi_hide_content":"","_relevanssi_pin_for_all":"","_relevanssi_pin_keywords":"","_relevanssi_unpin_keywords":"","_relevanssi_related_keywords":"","_relevanssi_related_include_ids":"","_relevanssi_related_exclude_ids":"","_relevanssi_related_no_append":"","_relevanssi_related_not_related":"","_relevanssi_related_posts":"","_relevanssi_noindex_reason":""},"product_cat":[56,55,73],"product_tag":[57],"class_list":{"0":"post-9383","1":"product","2":"type-product","3":"status-publish","4":"has-post-thumbnail","6":"product_cat-cultural-tours","7":"product_cat-day-tours","8":"product_cat-daytour","9":"product_tag-rezdy","11":"first","12":"instock","13":"virtual","14":"purchasable","15":"product-type-simple"},"acf":[],"_links":{"self":[{"href":"https:\/\/bjorkliden.com\/en\/wp-json\/wp\/v2\/product\/9383","targetHints":{"allow":["GET"]}}],"collection":[{"href":"https:\/\/bjorkliden.com\/en\/wp-json\/wp\/v2\/product"}],"about":[{"href":"https:\/\/bjorkliden.com\/en\/wp-json\/wp\/v2\/types\/product"}],"wp:featuredmedia":[{"embeddable":true,"href":"https:\/\/bjorkliden.com\/en\/wp-json\/wp\/v2\/media\/9384"}],"wp:attachment":[{"href":"https:\/\/bjorkliden.com\/en\/wp-json\/wp\/v2\/media?parent=9383"}],"wp:term":[{"taxonomy":"product_cat","embeddable":true,"href":"https:\/\/bjorkliden.com\/en\/wp-json\/wp\/v2\/product_cat?post=9383"},{"taxonomy":"product_tag","embeddable":true,"href":"https:\/\/bjorkliden.com\/en\/wp-json\/wp\/v2\/product_tag?post=9383"}],"curies":[{"name":"wp","href":"https:\/\/api.w.org\/{rel}","templated":true}]}}