{"id":9434,"date":"2026-03-18T14:56:09","date_gmt":"2026-03-18T13:56:09","guid":{"rendered":"https:\/\/bjorkliden.com\/?post_type=product&#038;p=9434"},"modified":"2026-04-18T08:48:01","modified_gmt":"2026-04-18T06:48:01","slug":"lactatjakko-snowmobile-tour","status":"publish","type":"product","link":"https:\/\/bjorkliden.com\/en\/activity\/lactatjakko-snowmobile-tour\/","title":{"rendered":"L\u00c5KTATJ\u00c5KKO SNOWMOBILE TOUR"},"content":{"rendered":"<p><b>That a waffle can taste so heavenly, you get to experience this after a snowmobile trip to Sweden's highest mountain lodge - L\u00e5ktatj\u00e5kko.<\/b><\/p>\n<p><\/p>\n<p>The snowmobile adventure to L\u00e5kktatj\u00e5kko starts from the parking lot below Hotell Fj\u00e4llet in Bj\u00f6rkliden. Your introduction to the snowmobiles takes place efficiently and there is also a chance to drive a small test round before we leave. We start the climb quite immediately and up on the plateau Rakkaslahku we get to enjoy sweeping views in all directions. After lunch we take the snowmobiles to explore the mountains a little more, maybe a trip down to the wolf pass and then return to Bj\u00f6rkliden again.<\/p>\n<p><\/p>\n<p><b>Meeting point:<\/b> Outside the entrance of Hotel fj\u00e4llet (Pick-up transfer from Abisko 30 minutes before the scheduled time)<\/p>\n<p><b>Included:<\/b> Guide and snowmobile. Warm clothes, helmet and boots. Hot drink and waffle at L\u00e5ktatj\u00e5kko. (Supplement own snowmobile SEK 500)<\/p>\n<p><b>Season: <\/b>February 26 - May 1<\/p>\n<p><b>Duration:<\/b>&nbsp;See the booking calendar for available days from 10:00 to 15:00 (Pick up from 9.30)<\/p>\n<p><b>Minimum age: <\/b>8 years<\/p>\n<p><b>Notes:<\/b>&nbsp;Every driver needs a valid driver's license<\/p>\n<p>In case of severe weather, the choice of route can change.<\/p>\n<p><\/p>\n<p><b><u>Pick-up locations (be prepared 15 minutes in advance)<\/u><\/b><\/p>\n<p>Abisko Mountain Lodge approximately 09.30<b><br \/><\/b><\/p>\n<p>Abisko.net approximately 09.35<\/p>\n<p>Abisko guesthouse approximately 09.40<\/p>\n<p>STF Abisko approximately 09.45<\/p>\n<p>Bj\u00f6rkliden, gammelg\u00e5rden approximately 10.00<\/p>\n<p>Bj\u00f6rkliden, hotel mountain approximately 10.00<\/p>\n<p><\/p><\/p>","protected":false},"excerpt":{"rendered":"<p>That a waffle can taste so heavenly, you get to experience this after a snowmobile trip to Sweden's highest mountain station, 1228 meters above sea level - L\u00e5ktatj\u00e5kko.<\/p>","protected":false},"featured_media":9435,"template":"","meta":{"_acf_changed":false,"_relevanssi_hide_post":"","_relevanssi_hide_content":"","_relevanssi_pin_for_all":"","_relevanssi_pin_keywords":"","_relevanssi_unpin_keywords":"","_relevanssi_related_keywords":"","_relevanssi_related_include_ids":"","_relevanssi_related_exclude_ids":"","_relevanssi_related_no_append":"","_relevanssi_related_not_related":"","_relevanssi_related_posts":"","_relevanssi_noindex_reason":""},"product_cat":[74,37],"product_tag":[57],"class_list":{"0":"post-9434","1":"product","2":"type-product","3":"status-publish","4":"has-post-thumbnail","6":"product_cat-activity","7":"product_cat-guided-tours","8":"product_tag-rezdy","10":"first","11":"instock","12":"virtual","13":"purchasable","14":"product-type-simple"},"acf":[],"_links":{"self":[{"href":"https:\/\/bjorkliden.com\/en\/wp-json\/wp\/v2\/product\/9434","targetHints":{"allow":["GET"]}}],"collection":[{"href":"https:\/\/bjorkliden.com\/en\/wp-json\/wp\/v2\/product"}],"about":[{"href":"https:\/\/bjorkliden.com\/en\/wp-json\/wp\/v2\/types\/product"}],"wp:featuredmedia":[{"embeddable":true,"href":"https:\/\/bjorkliden.com\/en\/wp-json\/wp\/v2\/media\/9435"}],"wp:attachment":[{"href":"https:\/\/bjorkliden.com\/en\/wp-json\/wp\/v2\/media?parent=9434"}],"wp:term":[{"taxonomy":"product_cat","embeddable":true,"href":"https:\/\/bjorkliden.com\/en\/wp-json\/wp\/v2\/product_cat?post=9434"},{"taxonomy":"product_tag","embeddable":true,"href":"https:\/\/bjorkliden.com\/en\/wp-json\/wp\/v2\/product_tag?post=9434"}],"curies":[{"name":"wp","href":"https:\/\/api.w.org\/{rel}","templated":true}]}}